{"id":130,"date":"2021-03-21T23:26:05","date_gmt":"2021-03-21T20:26:05","guid":{"rendered":"http:\/\/gazisehirdis.com\/?page_id=130"},"modified":"2021-05-02T23:31:01","modified_gmt":"2021-05-02T20:31:01","slug":"kanal-tedavisi","status":"publish","type":"page","link":"https:\/\/gazisehirdis.com\/index.php\/kanal-tedavisi\/","title":{"rendered":"Kanal Tedavisi"},"content":{"rendered":"\t\t<div data-elementor-type=\"wp-page\" data-elementor-id=\"130\" class=\"elementor elementor-130\" data-elementor-settings=\"[]\">\n\t\t\t\t\t\t<div class=\"elementor-inner\">\n\t\t\t\t\t\t\t<div class=\"elementor-section-wrap\">\n\t\t\t\t\t\t\t<section class=\"elementor-section elementor-top-section elementor-element elementor-element-55dd612 elementor-section-full_width elementor-section-height-default elementor-section-height-default\" data-id=\"55dd612\" data-element_type=\"section\">\n\t\t\t\t\t\t<div class=\"elementor-container elementor-column-gap-default\">\n\t\t\t\t\t\t\t<div class=\"elementor-row\">\n\t\t\t\t\t<div class=\"elementor-column elementor-col-100 elementor-top-column elementor-element elementor-element-1c3844d\" data-id=\"1c3844d\" data-element_type=\"column\">\n\t\t\t<div class=\"elementor-column-wrap elementor-element-populated\">\n\t\t\t\t\t\t\t<div class=\"elementor-widget-wrap\">\n\t\t\t\t\t\t<div class=\"elementor-element elementor-element-4963e40 elementor-widget elementor-widget-heading\" data-id=\"4963e40\" data-element_type=\"widget\" data-widget_type=\"heading.default\">\n\t\t\t\t<div class=\"elementor-widget-container\">\n\t\t\t<h1 class=\"elementor-heading-title elementor-size-medium\">Kanal Tedavisi (Endodonti) Nedir?<\/h1>\t\t<\/div>\n\t\t\t\t<\/div>\n\t\t\t\t<div class=\"elementor-element elementor-element-e411e58 elementor-widget elementor-widget-heading\" data-id=\"e411e58\" data-element_type=\"widget\" data-widget_type=\"heading.default\">\n\t\t\t\t<div class=\"elementor-widget-container\">\n\t\t\t<h2 class=\"elementor-heading-title elementor-size-small\">Kanal tedavisi (endodonti) di\u015flerde bulunan k\u00f6k kanallar\u0131n\u0131n tedavisi ile u\u011fra\u015fan bir bran\u015ft\u0131r.<br><br>Di\u015fin mine ve dentin olarak adland\u0131r\u0131lan sert dokular\u0131n alt\u0131nda sinirlerin oldu\u011fu yumu\u015fak dokuyu bar\u0131nd\u0131ran bir odac\u0131k vard\u0131r. Sinirlerin oldu\u011fu bu doku di\u015fin a\u011f\u0131z i\u00e7erisinde g\u00f6r\u00fcnen k\u0131sm\u0131n\u0131n i\u00e7 tabakas\u0131ndan ba\u015flay\u0131p k\u00f6klerin ucuna kadar ula\u015f\u0131r. Di\u015flerde ba\u015flayan k\u00fc\u00e7\u00fck \u00e7\u00fcr\u00fckler dolgu ile tedavi edilmedi\u011fi durumlarda zamanla ilerlemeye devam eder. Daha sonra bu di\u015flerin i\u00e7erisinde bulunan canl\u0131 doku ile temasa ge\u00e7ince ilk ba\u015flarda so\u011fukta a\u011fr\u0131 olu\u015fur. Bu durumda da herhangi bir di\u015f hekimine ba\u015fvurulmaz ise daha da ilerleyerek t\u00fcm canl\u0131 dokuya bakteriler ula\u015f\u0131r. Ard\u0131ndan s\u0131cakta a\u011fr\u0131, gece uyand\u0131ran \u015fiddetli a\u011fr\u0131 gibi durumlar da genel hasta \u015fikayetleridir. Genellikle de di\u015fin \u00fczerine basamama \u015fikayeti de duruma e\u015flik eder muayene s\u0131ras\u0131nda hekim di\u015fe dokundu\u011fu zaman hasta a\u011fr\u0131 oldu\u011funu belirtir. Yani di\u015fte s\u0131cakta a\u011fr\u0131 ve gece uyand\u0131ran a\u011fr\u0131 var ise kanal tedavisi yap\u0131lmas\u0131 \u015fartt\u0131r. E\u011fer bu a\u015famada di\u015f tedavi edilmez ise \u00e7ekime kadar gidebilen k\u00f6t\u00fc bir tablo meydana gelir. Yani kanal tedavisi di\u015fin a\u011f\u0131z i\u00e7erisindeki \u00f6mr\u00fcn\u00fc s\u00fcrd\u00fcrebilmesi i\u00e7in son \u015fanst\u0131r.<br><br>Dolgu ile tedavi edilmeyip bu \u015fikayetlerin g\u00f6r\u00fcld\u00fc\u011f\u00fc zaman yap\u0131lacak tedavi, di\u015fin sinirinin al\u0131narak, kanallar\u0131n temizlenip ard\u0131ndan doldurulmas\u0131d\u0131r.<br><br>Kanal tedavisi lokal anestezi(b\u00f6lgesel uyu\u015fturma) alt\u0131nda yap\u0131l\u0131r ve <b>a\u011fr\u0131 duyulmaz.<\/b><br><br>Di\u015fin a\u011f\u0131zda g\u00f6r\u00fcnen k\u0131sm\u0131ndan di\u015fin sinir tabakas\u0131na  a\u00e7\u0131lan bir oyuktan  di\u015fin \u00e7ene kemi\u011fi i\u00e7indeki k\u00f6k k\u0131sm\u0131na giri\u015f yap\u0131l\u0131r. Di\u015fin sinirleri k\u00f6k k\u0131sm\u0131ndaki kanallarda bulunur. Di\u015flerimiz 1,2,3 kanall\u0131 olabilir,hatta baz\u0131 di\u015flerimizde normalden fazla say\u0131da kanal bulunur.<br><br>Kanal tedavisi i\u015flemi sinirlerin al\u0131nmas\u0131, kanallar\u0131n \u015fekillendirilip bakterilerden ar\u0131nd\u0131r\u0131lmas\u0131 ve daha sonras\u0131nda geni\u015fletilmi\u015f kanallar\u0131n doldurulmas\u0131 i\u015flemidir.<br><br>Bu a\u015famalar tek seansta olabilece\u011fi gibi hekimin tedavi y\u00f6ntemi, di\u015fin durumu gibi nedenlerle 3 4 seans da s\u00fcrebilir.<br><br>Son olarak di\u015fin a\u011f\u0131zda g\u00f6r\u00fcnen k\u0131sm\u0131na harabiyetin b\u00fcy\u00fckl\u00fc\u011f\u00fcne g\u00f6re tedavi yap\u0131l\u0131r ve di\u015fin estetik ve fonksiyonel olarak devaml\u0131l\u0131\u011f\u0131 sa\u011flan\u0131r.<\/h2>\t\t<\/div>\n\t\t\t\t<\/div>\n\t\t\t\t\t\t<\/div>\n\t\t\t\t\t<\/div>\n\t\t<\/div>\n\t\t\t\t\t\t\t\t<\/div>\n\t\t\t\t\t<\/div>\n\t\t<\/section>\n\t\t\t\t\t\t<\/div>\n\t\t\t\t\t\t<\/div>\n\t\t\t\t\t<\/div>\n\t\t","protected":false},"excerpt":{"rendered":"<p>Kanal Tedavisi (Endodonti) Nedir? Kanal tedavisi (endodonti) di\u015flerde bulunan k\u00f6k kanallar\u0131n\u0131n tedavisi ile u\u011fra\u015fan bir bran\u015ft\u0131r. Di\u015fin mine ve dentin<\/p>\n","protected":false},"author":1,"featured_media":0,"parent":0,"menu_order":0,"comment_status":"closed","ping_status":"closed","template":"","meta":{"_joinchat":[],"footnotes":""},"class_list":["post-130","page","type-page","status-publish","hentry"],"_links":{"self":[{"href":"https:\/\/gazisehirdis.com\/index.php\/wp-json\/wp\/v2\/pages\/130","targetHints":{"allow":["GET"]}}],"collection":[{"href":"https:\/\/gazisehirdis.com\/index.php\/wp-json\/wp\/v2\/pages"}],"about":[{"href":"https:\/\/gazisehirdis.com\/index.php\/wp-json\/wp\/v2\/types\/page"}],"author":[{"embeddable":true,"href":"https:\/\/gazisehirdis.com\/index.php\/wp-json\/wp\/v2\/users\/1"}],"replies":[{"embeddable":true,"href":"https:\/\/gazisehirdis.com\/index.php\/wp-json\/wp\/v2\/comments?post=130"}],"version-history":[{"count":7,"href":"https:\/\/gazisehirdis.com\/index.php\/wp-json\/wp\/v2\/pages\/130\/revisions"}],"predecessor-version":[{"id":201,"href":"https:\/\/gazisehirdis.com\/index.php\/wp-json\/wp\/v2\/pages\/130\/revisions\/201"}],"wp:attachment":[{"href":"https:\/\/gazisehirdis.com\/index.php\/wp-json\/wp\/v2\/media?parent=130"}],"curies":[{"name":"wp","href":"https:\/\/api.w.org\/{rel}","templated":true}]}}