{"id":203,"date":"2021-05-02T23:34:49","date_gmt":"2021-05-02T20:34:49","guid":{"rendered":"http:\/\/gazisehirdis.com\/?page_id=203"},"modified":"2021-05-08T23:33:53","modified_gmt":"2021-05-08T20:33:53","slug":"kanal-tedavisi-2","status":"publish","type":"page","link":"https:\/\/gazisehirdis.com\/index.php\/kanal-tedavisi-2\/","title":{"rendered":"Dolgu"},"content":{"rendered":"\t\t<div data-elementor-type=\"wp-page\" data-elementor-id=\"203\" class=\"elementor elementor-203\" data-elementor-settings=\"[]\">\n\t\t\t\t\t\t<div class=\"elementor-inner\">\n\t\t\t\t\t\t\t<div class=\"elementor-section-wrap\">\n\t\t\t\t\t\t\t<section class=\"elementor-section elementor-top-section elementor-element elementor-element-55dd612 elementor-section-full_width elementor-section-height-default elementor-section-height-default\" data-id=\"55dd612\" data-element_type=\"section\">\n\t\t\t\t\t\t<div class=\"elementor-container elementor-column-gap-default\">\n\t\t\t\t\t\t\t<div class=\"elementor-row\">\n\t\t\t\t\t<div class=\"elementor-column elementor-col-100 elementor-top-column elementor-element elementor-element-1c3844d\" data-id=\"1c3844d\" data-element_type=\"column\">\n\t\t\t<div class=\"elementor-column-wrap elementor-element-populated\">\n\t\t\t\t\t\t\t<div class=\"elementor-widget-wrap\">\n\t\t\t\t\t\t<div class=\"elementor-element elementor-element-4963e40 elementor-widget elementor-widget-heading\" data-id=\"4963e40\" data-element_type=\"widget\" data-widget_type=\"heading.default\">\n\t\t\t\t<div class=\"elementor-widget-container\">\n\t\t\t<h1 class=\"elementor-heading-title elementor-size-medium\">Restoratif Di\u015f Tedavisi (Dolgu)<\/h1>\t\t<\/div>\n\t\t\t\t<\/div>\n\t\t\t\t<div class=\"elementor-element elementor-element-e411e58 elementor-widget elementor-widget-heading\" data-id=\"e411e58\" data-element_type=\"widget\" data-widget_type=\"heading.default\">\n\t\t\t\t<div class=\"elementor-widget-container\">\n\t\t\t<h2 class=\"elementor-heading-title elementor-size-small\">\u00c7\u00dcR\u00dcK NED\u0130R? T\u00dcM \u00c7\u00dcR\u00dcKLERE DOLGU GEREK\u0130R M\u0130?\n\nA\u011f\u0131z i\u00e7erisinde bulunan bakteriler asitli yiyecekler ve karbonhidrat al\u0131nmas\u0131 durumunda kendilerine besin olarak bu maddeleri kullan\u0131r. Daha sonra a\u00e7\u0131\u011fa \u00e7\u0131kard\u0131klar\u0131 enzimler ise di\u015flerimizde \u00e7\u00fcr\u00fck dedi\u011fimiz bir madde kayb\u0131na sonu\u00e7 a\u00e7ar. Erken a\u015famada hasta bir di\u015f hekimine ba\u015fvurur ise bu \u00e7\u00fcr\u00fck ilerlemeden dolgu ile tedavi edilir. Peki her \u00e7\u00fcr\u00fc\u011fe dolgu yapmak do\u011fru mudur? Bu da do\u011fru de\u011fildir \u00e7\u00fcnk\u00fc \u00e7\u00fcr\u00fcklerin a\u015famalar\u0131 vard\u0131r ve k\u00fc\u00e7\u00fck y\u00fczey \u00e7\u00fcr\u00fckleri hafif renklemeler oldu\u011fu durumlarda dolgu yap\u0131lmaz.<br><br>DOLGU NED\u0130R?<br><br>Dolgu i\u015flemi, \u00e7\u00fcr\u00fcm\u00fc\u015f, k\u0131r\u0131lm\u0131\u015f ya da \u00e7atlak olan di\u015flere uygulanan bir y\u00f6ntemdir. \u00c7\u00fcr\u00fcm\u00fc\u015f di\u015flerin fonksiyonlar\u0131n\u0131 yerine getirmesi amac\u0131yla \u00e7e\u015fitli i\u015flemler ve maddelerle di\u015f restore edilir. Di\u015f dolgusu ge\u00e7mi\u015ften beri \u00e7ok kullan\u0131lan bir uygulamad\u0131r. Beklemeden, zaman kaybetmeden uygulanan bu y\u00f6ntem, di\u015fi tamamen kaybetmenin \u00f6n\u00fcne ge\u00e7er.<\/h2>\t\t<\/div>\n\t\t\t\t<\/div>\n\t\t\t\t\t\t<\/div>\n\t\t\t\t\t<\/div>\n\t\t<\/div>\n\t\t\t\t\t\t\t\t<\/div>\n\t\t\t\t\t<\/div>\n\t\t<\/section>\n\t\t\t\t<section class=\"elementor-section elementor-top-section elementor-element elementor-element-f46a6f1 elementor-section-full_width elementor-section-height-default elementor-section-height-default\" data-id=\"f46a6f1\" data-element_type=\"section\">\n\t\t\t\t\t\t<div class=\"elementor-container elementor-column-gap-default\">\n\t\t\t\t\t\t\t<div class=\"elementor-row\">\n\t\t\t\t\t<div class=\"elementor-column elementor-col-100 elementor-top-column elementor-element elementor-element-8ce99f7\" data-id=\"8ce99f7\" data-element_type=\"column\">\n\t\t\t<div class=\"elementor-column-wrap elementor-element-populated\">\n\t\t\t\t\t\t\t<div class=\"elementor-widget-wrap\">\n\t\t\t\t\t\t<div class=\"elementor-element elementor-element-5b5fca4 elementor-widget elementor-widget-toggle\" data-id=\"5b5fca4\" data-element_type=\"widget\" data-widget_type=\"toggle.default\">\n\t\t\t\t<div class=\"elementor-widget-container\">\n\t\t\t\t\t<div class=\"elementor-toggle\" role=\"tablist\">\n\t\t\t\t\t\t\t<div class=\"elementor-toggle-item\">\n\t\t\t\t\t<div id=\"elementor-tab-title-9581\" class=\"elementor-tab-title\" data-tab=\"1\" role=\"tab\" aria-controls=\"elementor-tab-content-9581\" aria-expanded=\"false\">\n\t\t\t\t\t\t\t\t\t\t\t\t<span class=\"elementor-toggle-icon elementor-toggle-icon-left\" aria-hidden=\"true\">\n\t\t\t\t\t\t\t\t\t\t\t\t\t\t\t<span class=\"elementor-toggle-icon-closed\"><i class=\"fas fa-caret-right\"><\/i><\/span>\n\t\t\t\t\t\t\t\t<span class=\"elementor-toggle-icon-opened\"><i class=\"elementor-toggle-icon-opened fas fa-caret-up\"><\/i><\/span>\n\t\t\t\t\t\t\t\t\t\t\t\t\t<\/span>\n\t\t\t\t\t\t\t\t\t\t\t\t<a href=\"\" class=\"elementor-toggle-title\">En Fazla Dolgu Yap\u0131lan Sorunlar Nelerdir?<\/a>\n\t\t\t\t\t<\/div>\n\n\t\t\t\t\t<div id=\"elementor-tab-content-9581\" class=\"elementor-tab-content elementor-clearfix\" data-tab=\"1\" role=\"tabpanel\" aria-labelledby=\"elementor-tab-title-9581\"><p>-Di\u015fte meydana gelen \u00e7\u00fcr\u00fcklerde,<\/p><p>-K\u0131r\u0131k di\u015flerde,<\/p><p>-\u00c7atlak di\u015f onar\u0131m\u0131nda,\u00a0<\/p><\/div>\n\t\t\t\t<\/div>\n\t\t\t\t\t\t\t<div class=\"elementor-toggle-item\">\n\t\t\t\t\t<div id=\"elementor-tab-title-9582\" class=\"elementor-tab-title\" data-tab=\"2\" role=\"tab\" aria-controls=\"elementor-tab-content-9582\" aria-expanded=\"false\">\n\t\t\t\t\t\t\t\t\t\t\t\t<span class=\"elementor-toggle-icon elementor-toggle-icon-left\" aria-hidden=\"true\">\n\t\t\t\t\t\t\t\t\t\t\t\t\t\t\t<span class=\"elementor-toggle-icon-closed\"><i class=\"fas fa-caret-right\"><\/i><\/span>\n\t\t\t\t\t\t\t\t<span class=\"elementor-toggle-icon-opened\"><i class=\"elementor-toggle-icon-opened fas fa-caret-up\"><\/i><\/span>\n\t\t\t\t\t\t\t\t\t\t\t\t\t<\/span>\n\t\t\t\t\t\t\t\t\t\t\t\t<a href=\"\" class=\"elementor-toggle-title\">Dolgu Yap\u0131m\u0131nda Ac\u0131 Hissedilir Mi?<\/a>\n\t\t\t\t\t<\/div>\n\n\t\t\t\t\t<div id=\"elementor-tab-content-9582\" class=\"elementor-tab-content elementor-clearfix\" data-tab=\"2\" role=\"tabpanel\" aria-labelledby=\"elementor-tab-title-9582\"><p>Dolgu yap\u0131m\u0131nda genellikle lokal anestezi yap\u0131l\u0131r.<\/p><p>\u0130\u015flem s\u0131ras\u0131nda ac\u0131 hissedilmez.\u00a0<\/p><\/div>\n\t\t\t\t<\/div>\n\t\t\t\t\t\t\t<div class=\"elementor-toggle-item\">\n\t\t\t\t\t<div id=\"elementor-tab-title-9583\" class=\"elementor-tab-title\" data-tab=\"3\" role=\"tab\" aria-controls=\"elementor-tab-content-9583\" aria-expanded=\"false\">\n\t\t\t\t\t\t\t\t\t\t\t\t<span class=\"elementor-toggle-icon elementor-toggle-icon-left\" aria-hidden=\"true\">\n\t\t\t\t\t\t\t\t\t\t\t\t\t\t\t<span class=\"elementor-toggle-icon-closed\"><i class=\"fas fa-caret-right\"><\/i><\/span>\n\t\t\t\t\t\t\t\t<span class=\"elementor-toggle-icon-opened\"><i class=\"elementor-toggle-icon-opened fas fa-caret-up\"><\/i><\/span>\n\t\t\t\t\t\t\t\t\t\t\t\t\t<\/span>\n\t\t\t\t\t\t\t\t\t\t\t\t<a href=\"\" class=\"elementor-toggle-title\">Dolguya \u0130htiyac\u0131m Olup Olmad\u0131\u011f\u0131n\u0131 Nas\u0131l Bilebilirim?<\/a>\n\t\t\t\t\t<\/div>\n\n\t\t\t\t\t<div id=\"elementor-tab-content-9583\" class=\"elementor-tab-content elementor-clearfix\" data-tab=\"3\" role=\"tabpanel\" aria-labelledby=\"elementor-tab-title-9583\"><p>Di\u015f hekiminiz, \u00e7\u00fcr\u00fc\u011f\u00fcn\u00fcz\u00fcn doldurulmas\u0131n\u0131n gerekip gerekmedi\u011fini saptayabilir. Di\u015f muayenesi s\u0131ras\u0131nda, her di\u015f y\u00fczeyini incelemek i\u00e7in di\u015f hekiminiz k\u00fc\u00e7\u00fck bir ayna kullan\u0131r. Anormal g\u00f6r\u00fcnen her \u015fey \u00f6zel bir cihazla yak\u0131ndan kontrol edilir. Di\u015f hekiminiz ayr\u0131ca, a\u011fz\u0131n\u0131z\u0131n bir b\u00f6l\u00fcm\u00fcn\u00fcn r\u00f6ntgenini \u00e7ekmek isteyebilir. Di\u015f hekiminizin se\u00e7ti\u011fi tedavi tipi, \u00e7\u00fcr\u00fc\u011f\u00fcn yol a\u00e7t\u0131\u011f\u0131 hasar\u0131n kapsam\u0131na g\u00f6re de\u011fi\u015fir.<\/p><\/div>\n\t\t\t\t<\/div>\n\t\t\t\t\t\t\t\t<\/div>\n\t\t\t\t<\/div>\n\t\t\t\t<\/div>\n\t\t\t\t\t\t<\/div>\n\t\t\t\t\t<\/div>\n\t\t<\/div>\n\t\t\t\t\t\t\t\t<\/div>\n\t\t\t\t\t<\/div>\n\t\t<\/section>\n\t\t\t\t<section class=\"elementor-section elementor-top-section elementor-element elementor-element-0c374b2 elementor-section-full_width elementor-section-height-default elementor-section-height-default\" data-id=\"0c374b2\" data-element_type=\"section\">\n\t\t\t\t\t\t<div class=\"elementor-container elementor-column-gap-default\">\n\t\t\t\t\t\t\t<div class=\"elementor-row\">\n\t\t\t\t\t<div class=\"elementor-column elementor-col-100 elementor-top-column elementor-element elementor-element-a652b45\" data-id=\"a652b45\" data-element_type=\"column\">\n\t\t\t<div class=\"elementor-column-wrap elementor-element-populated\">\n\t\t\t\t\t\t\t<div class=\"elementor-widget-wrap\">\n\t\t\t\t\t\t<div class=\"elementor-element elementor-element-27833b1 elementor-widget elementor-widget-heading\" data-id=\"27833b1\" data-element_type=\"widget\" data-widget_type=\"heading.default\">\n\t\t\t\t<div class=\"elementor-widget-container\">\n\t\t\t<h1 class=\"elementor-heading-title elementor-size-medium\">Dolgu \u00c7e\u015fitleri<\/h1>\t\t<\/div>\n\t\t\t\t<\/div>\n\t\t\t\t<div class=\"elementor-element elementor-element-a10275c elementor-widget elementor-widget-heading\" data-id=\"a10275c\" data-element_type=\"widget\" data-widget_type=\"heading.default\">\n\t\t\t\t<div class=\"elementor-widget-container\">\n\t\t\t<h2 class=\"elementor-heading-title elementor-size-small\">Amalgam (G\u00fcm\u00fc\u015f) Dolgular<\/h2>\t\t<\/div>\n\t\t\t\t<\/div>\n\t\t\t\t<div class=\"elementor-element elementor-element-5ad979b elementor-widget elementor-widget-heading\" data-id=\"5ad979b\" data-element_type=\"widget\" data-widget_type=\"heading.default\">\n\t\t\t\t<div class=\"elementor-widget-container\">\n\t\t\t<h2 class=\"elementor-heading-title elementor-size-small\">Halk aras\u0131nda g\u00fcm\u00fc\u015f dolgu da denir. Rengi do\u011fal di\u015f ile uyumlu de\u011fildir. Bu nedenle \u00f6n ve g\u00f6r\u00fcnen di\u015flere uygulanmaz. Dayan\u0131kl\u0131l\u0131\u011f\u0131 olduk\u00e7a iyidir. \u0130\u00e7erisindeki malzemenin neredeyse yar\u0131s\u0131 civad\u0131r. Di\u011fer etken maddeler ise, kalay, g\u00fcm\u00fc\u015f, bak\u0131rd\u0131r. Civa saf halde bulundu\u011funda zararl\u0131d\u0131r. Ancak g\u00fcm\u00fc\u015f, kalay gibi farkl\u0131 metaller ile birle\u015fri\u011finde hi\u00e7bir zarar\u0131 kalmaz. Halk aras\u0131nda zararl\u0131 oldu\u011fu bilgisi kesinlikle do\u011fru de\u011fildir. <\/h2>\t\t<\/div>\n\t\t\t\t<\/div>\n\t\t\t\t<div class=\"elementor-element elementor-element-523be2e elementor-widget elementor-widget-heading\" data-id=\"523be2e\" data-element_type=\"widget\" data-widget_type=\"heading.default\">\n\t\t\t\t<div class=\"elementor-widget-container\">\n\t\t\t<h2 class=\"elementor-heading-title elementor-size-small\">Kompozit (Beyaz) Dolgu<\/h2>\t\t<\/div>\n\t\t\t\t<\/div>\n\t\t\t\t<div class=\"elementor-element elementor-element-bb0f9ef elementor-widget elementor-widget-heading\" data-id=\"bb0f9ef\" data-element_type=\"widget\" data-widget_type=\"heading.default\">\n\t\t\t\t<div class=\"elementor-widget-container\">\n\t\t\t<h2 class=\"elementor-heading-title elementor-size-small\">Bu dolgu \u00e7e\u015fidi olduk\u00e7a yayg\u0131n kullan\u0131l\u0131r. \u0130lk muayenede hemen yap\u0131labilir. \u00d6zellikle de k\u0131r\u0131k, \u00e7atlaklar i\u00e7in ideal bir i\u015flemdir. \u00c7\u00fcr\u00fcklerde ise di\u015f i\u00e7i bo\u015falt\u0131l\u0131r ve temizlenir. Ard\u0131ndan kompozit(beyaz dolgu) i\u00e7erisine doldurulur. Ard\u0131ndan mavi \u0131\u015f\u0131k tutularak donmas\u0131 beklenir. \u00c7atlaklarda ise do\u011frudan y\u00fczeye uygulan\u0131r. Son y\u0131llarda \u00e7ok geli\u015fmesi ile g\u00fcm\u00fc\u015f dolgular\u0131n yerini tamamen alm\u0131\u015ft\u0131r. Klini\u011fimizde kulland\u0131\u011f\u0131m\u0131z dolgu \u00e7e\u015fidi kompozit(beyaz dolgu) dolgudur.<\/h2>\t\t<\/div>\n\t\t\t\t<\/div>\n\t\t\t\t\t\t<\/div>\n\t\t\t\t\t<\/div>\n\t\t<\/div>\n\t\t\t\t\t\t\t\t<\/div>\n\t\t\t\t\t<\/div>\n\t\t<\/section>\n\t\t\t\t<section class=\"elementor-section elementor-top-section elementor-element elementor-element-57e5cb7 elementor-section-full_width elementor-section-height-default elementor-section-height-default\" data-id=\"57e5cb7\" data-element_type=\"section\">\n\t\t\t\t\t\t<div class=\"elementor-container elementor-column-gap-default\">\n\t\t\t\t\t\t\t<div class=\"elementor-row\">\n\t\t\t\t\t<div class=\"elementor-column elementor-col-100 elementor-top-column elementor-element elementor-element-9d9d4b9\" data-id=\"9d9d4b9\" data-element_type=\"column\">\n\t\t\t<div class=\"elementor-column-wrap elementor-element-populated\">\n\t\t\t\t\t\t\t<div class=\"elementor-widget-wrap\">\n\t\t\t\t\t\t<div class=\"elementor-element elementor-element-d59d6b9 elementor-widget elementor-widget-heading\" data-id=\"d59d6b9\" data-element_type=\"widget\" data-widget_type=\"heading.default\">\n\t\t\t\t<div class=\"elementor-widget-container\">\n\t\t\t<h2 class=\"elementor-heading-title elementor-size-small\">Dolgu Yap\u0131m A\u015famas\u0131<\/h2>\t\t<\/div>\n\t\t\t\t<\/div>\n\t\t\t\t<div class=\"elementor-element elementor-element-ba69e4e elementor-icon-list--layout-traditional elementor-list-item-link-full_width elementor-widget elementor-widget-icon-list\" data-id=\"ba69e4e\" data-element_type=\"widget\" data-widget_type=\"icon-list.default\">\n\t\t\t\t<div class=\"elementor-widget-container\">\n\t\t\t\t\t<ul class=\"elementor-icon-list-items\">\n\t\t\t\t\t\t\t<li class=\"elementor-icon-list-item\">\n\t\t\t\t\t\t\t\t\t\t\t<span class=\"elementor-icon-list-icon\">\n\t\t\t\t\t\t\t<i aria-hidden=\"true\" class=\"fas fa-check\"><\/i>\t\t\t\t\t\t<\/span>\n\t\t\t\t\t\t\t\t\t\t<span class=\"elementor-icon-list-text\">Dolgu uygulanacak b\u00f6lge ilk olarak r\u00f6ntgen \u00e7ekilerek tespit edilir. <\/span>\n\t\t\t\t\t\t\t\t\t<\/li>\n\t\t\t\t\t\t\t\t<li class=\"elementor-icon-list-item\">\n\t\t\t\t\t\t\t\t\t\t\t<span class=\"elementor-icon-list-icon\">\n\t\t\t\t\t\t\t<i aria-hidden=\"true\" class=\"fas fa-check\"><\/i>\t\t\t\t\t\t<\/span>\n\t\t\t\t\t\t\t\t\t\t<span class=\"elementor-icon-list-text\">Ard\u0131ndan teknolojik aletler ile i\u00e7i bo\u015falt\u0131l\u0131r. <\/span>\n\t\t\t\t\t\t\t\t\t<\/li>\n\t\t\t\t\t\t\t\t<li class=\"elementor-icon-list-item\">\n\t\t\t\t\t\t\t\t\t\t\t<span class=\"elementor-icon-list-icon\">\n\t\t\t\t\t\t\t<i aria-hidden=\"true\" class=\"fas fa-check\"><\/i>\t\t\t\t\t\t<\/span>\n\t\t\t\t\t\t\t\t\t\t<span class=\"elementor-icon-list-text\">\u00c7evresi ve di\u015fin i\u00e7i temizlenir.<\/span>\n\t\t\t\t\t\t\t\t\t<\/li>\n\t\t\t\t\t\t\t\t<li class=\"elementor-icon-list-item\">\n\t\t\t\t\t\t\t\t\t\t\t<span class=\"elementor-icon-list-icon\">\n\t\t\t\t\t\t\t<i aria-hidden=\"true\" class=\"fas fa-check\"><\/i>\t\t\t\t\t\t<\/span>\n\t\t\t\t\t\t\t\t\t\t<span class=\"elementor-icon-list-text\">Uygulanacak olan madde se\u00e7ilerek hekim taraf\u0131ndan haz\u0131rlan\u0131r. <\/span>\n\t\t\t\t\t\t\t\t\t<\/li>\n\t\t\t\t\t\t\t\t<li class=\"elementor-icon-list-item\">\n\t\t\t\t\t\t\t\t\t\t\t<span class=\"elementor-icon-list-icon\">\n\t\t\t\t\t\t\t<i aria-hidden=\"true\" class=\"fas fa-check\"><\/i>\t\t\t\t\t\t<\/span>\n\t\t\t\t\t\t\t\t\t\t<span class=\"elementor-icon-list-text\">Sonra temizlenen di\u015f i\u00e7erisine doldurulur. <\/span>\n\t\t\t\t\t\t\t\t\t<\/li>\n\t\t\t\t\t\t\t\t<li class=\"elementor-icon-list-item\">\n\t\t\t\t\t\t\t\t\t\t\t<span class=\"elementor-icon-list-icon\">\n\t\t\t\t\t\t\t<i aria-hidden=\"true\" class=\"fas fa-check\"><\/i>\t\t\t\t\t\t<\/span>\n\t\t\t\t\t\t\t\t\t\t<span class=\"elementor-icon-list-text\">K\u0131sa s\u00fcrede donmas\u0131 i\u00e7in \u0131\u015f\u0131k kullan\u0131l\u0131r. <\/span>\n\t\t\t\t\t\t\t\t\t<\/li>\n\t\t\t\t\t\t\t\t<li class=\"elementor-icon-list-item\">\n\t\t\t\t\t\t\t\t\t\t\t<span class=\"elementor-icon-list-icon\">\n\t\t\t\t\t\t\t<i aria-hidden=\"true\" class=\"fas fa-check\"><\/i>\t\t\t\t\t\t<\/span>\n\t\t\t\t\t\t\t\t\t\t<span class=\"elementor-icon-list-text\">Yap\u0131m i\u015fleminin ard\u0131ndan hasta a\u011fz\u0131n\u0131 a\u00e7\u0131p kapar, hareket ettirir. Rahats\u0131z edici bir yer varsa hekim inceltme, kesme, al\u00e7altma i\u015flemi yaparak son \u015feklini verir. <\/span>\n\t\t\t\t\t\t\t\t\t<\/li>\n\t\t\t\t\t\t<\/ul>\n\t\t\t\t<\/div>\n\t\t\t\t<\/div>\n\t\t\t\t\t\t<\/div>\n\t\t\t\t\t<\/div>\n\t\t<\/div>\n\t\t\t\t\t\t\t\t<\/div>\n\t\t\t\t\t<\/div>\n\t\t<\/section>\n\t\t\t\t\t\t<\/div>\n\t\t\t\t\t\t<\/div>\n\t\t\t\t\t<\/div>\n\t\t","protected":false},"excerpt":{"rendered":"<p>Restoratif Di\u015f Tedavisi (Dolgu) \u00c7\u00dcR\u00dcK NED\u0130R? T\u00dcM \u00c7\u00dcR\u00dcKLERE DOLGU GEREK\u0130R M\u0130? A\u011f\u0131z i\u00e7erisinde bulunan bakteriler asitli yiyecekler ve karbonhidrat al\u0131nmas\u0131<\/p>\n","protected":false},"author":1,"featured_media":0,"parent":0,"menu_order":0,"comment_status":"closed","ping_status":"closed","template":"","meta":{"_joinchat":[],"footnotes":""},"class_list":["post-203","page","type-page","status-publish","hentry"],"_links":{"self":[{"href":"https:\/\/gazisehirdis.com\/index.php\/wp-json\/wp\/v2\/pages\/203","targetHints":{"allow":["GET"]}}],"collection":[{"href":"https:\/\/gazisehirdis.com\/index.php\/wp-json\/wp\/v2\/pages"}],"about":[{"href":"https:\/\/gazisehirdis.com\/index.php\/wp-json\/wp\/v2\/types\/page"}],"author":[{"embeddable":true,"href":"https:\/\/gazisehirdis.com\/index.php\/wp-json\/wp\/v2\/users\/1"}],"replies":[{"embeddable":true,"href":"https:\/\/gazisehirdis.com\/index.php\/wp-json\/wp\/v2\/comments?post=203"}],"version-history":[{"count":10,"href":"https:\/\/gazisehirdis.com\/index.php\/wp-json\/wp\/v2\/pages\/203\/revisions"}],"predecessor-version":[{"id":355,"href":"https:\/\/gazisehirdis.com\/index.php\/wp-json\/wp\/v2\/pages\/203\/revisions\/355"}],"wp:attachment":[{"href":"https:\/\/gazisehirdis.com\/index.php\/wp-json\/wp\/v2\/media?parent=203"}],"curies":[{"name":"wp","href":"https:\/\/api.w.org\/{rel}","templated":true}]}}