{"id":209,"date":"2021-05-02T23:51:43","date_gmt":"2021-05-02T20:51:43","guid":{"rendered":"http:\/\/gazisehirdis.com\/?page_id=209"},"modified":"2021-05-08T23:34:50","modified_gmt":"2021-05-08T20:34:50","slug":"kanal-tedavisi-2-2","status":"publish","type":"page","link":"https:\/\/gazisehirdis.com\/index.php\/kanal-tedavisi-2-2\/","title":{"rendered":"\u0130mplant"},"content":{"rendered":"\t\t<div data-elementor-type=\"wp-page\" data-elementor-id=\"209\" class=\"elementor elementor-209\" data-elementor-settings=\"[]\">\n\t\t\t\t\t\t<div class=\"elementor-inner\">\n\t\t\t\t\t\t\t<div class=\"elementor-section-wrap\">\n\t\t\t\t\t\t\t<section class=\"elementor-section elementor-top-section elementor-element elementor-element-55dd612 elementor-section-full_width elementor-section-height-default elementor-section-height-default\" data-id=\"55dd612\" data-element_type=\"section\">\n\t\t\t\t\t\t<div class=\"elementor-container elementor-column-gap-default\">\n\t\t\t\t\t\t\t<div class=\"elementor-row\">\n\t\t\t\t\t<div class=\"elementor-column elementor-col-100 elementor-top-column elementor-element elementor-element-1c3844d\" data-id=\"1c3844d\" data-element_type=\"column\">\n\t\t\t<div class=\"elementor-column-wrap elementor-element-populated\">\n\t\t\t\t\t\t\t<div class=\"elementor-widget-wrap\">\n\t\t\t\t\t\t<div class=\"elementor-element elementor-element-4963e40 elementor-widget elementor-widget-heading\" data-id=\"4963e40\" data-element_type=\"widget\" data-widget_type=\"heading.default\">\n\t\t\t\t<div class=\"elementor-widget-container\">\n\t\t\t<h1 class=\"elementor-heading-title elementor-size-medium\">\u0130mplant Nedir?<\/h1>\t\t<\/div>\n\t\t\t\t<\/div>\n\t\t\t\t<div class=\"elementor-element elementor-element-e411e58 elementor-widget elementor-widget-heading\" data-id=\"e411e58\" data-element_type=\"widget\" data-widget_type=\"heading.default\">\n\t\t\t\t<div class=\"elementor-widget-container\">\n\t\t\t<h2 class=\"elementor-heading-title elementor-size-small\">Kaybedilen di\u015flerin yerine tedavi amac\u0131 ile yerle\u015ftirilen ve organizma i\u00e7in herhangi bir yan etkisi olmayan, titanyum metalinden imal edilen; plak, vida ve \u00e7ivilere implant ad\u0131 verilir.<br><br>Di\u015f hekimli\u011finde kullan\u0131lan implantlar; vida veya silindir \u015feklindedir. Yakla\u015f\u0131k olarak di\u015f k\u00f6k\u00fcn\u00fcn boyutlar\u0131nda (8- 16 mm) ve 3.5- 4 mm \u00e7ap\u0131ndad\u0131rlar.<br><br>\u0130mplantlar yerlerine yerle\u015ftirildikleri eksik do\u011fal di\u015flerin g\u00f6revlerini \u00fcstlenirler.<\/h2>\t\t<\/div>\n\t\t\t\t<\/div>\n\t\t\t\t\t\t<\/div>\n\t\t\t\t\t<\/div>\n\t\t<\/div>\n\t\t\t\t\t\t\t\t<\/div>\n\t\t\t\t\t<\/div>\n\t\t<\/section>\n\t\t\t\t<section class=\"elementor-section elementor-top-section elementor-element elementor-element-f46a6f1 elementor-section-full_width elementor-section-height-default elementor-section-height-default\" data-id=\"f46a6f1\" data-element_type=\"section\">\n\t\t\t\t\t\t<div class=\"elementor-container elementor-column-gap-default\">\n\t\t\t\t\t\t\t<div class=\"elementor-row\">\n\t\t\t\t\t<div class=\"elementor-column elementor-col-100 elementor-top-column elementor-element elementor-element-8ce99f7\" data-id=\"8ce99f7\" data-element_type=\"column\">\n\t\t\t<div class=\"elementor-column-wrap elementor-element-populated\">\n\t\t\t\t\t\t\t<div class=\"elementor-widget-wrap\">\n\t\t\t\t\t\t<div class=\"elementor-element elementor-element-5b5fca4 elementor-widget elementor-widget-toggle\" data-id=\"5b5fca4\" data-element_type=\"widget\" data-widget_type=\"toggle.default\">\n\t\t\t\t<div class=\"elementor-widget-container\">\n\t\t\t\t\t<div class=\"elementor-toggle\" role=\"tablist\">\n\t\t\t\t\t\t\t<div class=\"elementor-toggle-item\">\n\t\t\t\t\t<div id=\"elementor-tab-title-9581\" class=\"elementor-tab-title\" data-tab=\"1\" role=\"tab\" aria-controls=\"elementor-tab-content-9581\" aria-expanded=\"false\">\n\t\t\t\t\t\t\t\t\t\t\t\t<span class=\"elementor-toggle-icon elementor-toggle-icon-left\" aria-hidden=\"true\">\n\t\t\t\t\t\t\t\t\t\t\t\t\t\t\t<span class=\"elementor-toggle-icon-closed\"><i class=\"fas fa-caret-right\"><\/i><\/span>\n\t\t\t\t\t\t\t\t<span class=\"elementor-toggle-icon-opened\"><i class=\"elementor-toggle-icon-opened fas fa-caret-up\"><\/i><\/span>\n\t\t\t\t\t\t\t\t\t\t\t\t\t<\/span>\n\t\t\t\t\t\t\t\t\t\t\t\t<a href=\"\" class=\"elementor-toggle-title\">\u0130mplant hangi durumlarda \u00f6nerilir?<\/a>\n\t\t\t\t\t<\/div>\n\n\t\t\t\t\t<div id=\"elementor-tab-content-9581\" class=\"elementor-tab-content elementor-clearfix\" data-tab=\"1\" role=\"tabpanel\" aria-labelledby=\"elementor-tab-title-9581\"><p><strong>Di\u015fsiz alt ve \u00fcst \u00e7enelerde; <\/strong>kemik erimesi sonucunda hastan\u0131n protezini kullanamad\u0131\u011f\u0131 durumlarda. Protez yerle\u015ftirilen implantlar\u0131n \u00fczerine oturtularak tutuculu\u011fun artmas\u0131 sa\u011flan\u0131r. B\u00fcy\u00fck az\u0131 di\u015flerin kayb\u0131nda, arka b\u00f6lge di\u015fsiz sonlan\u0131yorsa; hastalara tak\u0131l\u0131p \u00e7\u0131kar\u0131labilen bir\u00a0 protez yerine, yerle\u015ftirilecek birka\u00e7 implant ile sabit bir k\u00f6pr\u00fc yap\u0131labilir. Tek bir di\u015fin kayb\u0131 durumunda; kaybolan di\u015fin her iki yan\u0131ndaki di\u015fler korunarak, bu di\u015f yerine tek bir implant yerle\u015ftirilebilir.<\/p><p><br \/><strong>Uzun di\u015fsiz bo\u015fluklarda;<\/strong>\u00a0sabit bir k\u00f6pr\u00fc yap\u0131ld\u0131\u011f\u0131nda k\u00f6pr\u00fc g\u00f6vdesinin uzun olmas\u0131 sorun yarataca\u011f\u0131ndan, di\u015fsiz b\u00f6lgeye uygulanacak bir ya da birka\u00e7 implant ile yap\u0131lacak olan k\u00f6pr\u00fcn\u00fcn deste\u011fi ve dayan\u0131kl\u0131l\u0131\u011f\u0131 artt\u0131r\u0131labilir.<\/p><\/div>\n\t\t\t\t<\/div>\n\t\t\t\t\t\t\t<div class=\"elementor-toggle-item\">\n\t\t\t\t\t<div id=\"elementor-tab-title-9582\" class=\"elementor-tab-title\" data-tab=\"2\" role=\"tab\" aria-controls=\"elementor-tab-content-9582\" aria-expanded=\"false\">\n\t\t\t\t\t\t\t\t\t\t\t\t<span class=\"elementor-toggle-icon elementor-toggle-icon-left\" aria-hidden=\"true\">\n\t\t\t\t\t\t\t\t\t\t\t\t\t\t\t<span class=\"elementor-toggle-icon-closed\"><i class=\"fas fa-caret-right\"><\/i><\/span>\n\t\t\t\t\t\t\t\t<span class=\"elementor-toggle-icon-opened\"><i class=\"elementor-toggle-icon-opened fas fa-caret-up\"><\/i><\/span>\n\t\t\t\t\t\t\t\t\t\t\t\t\t<\/span>\n\t\t\t\t\t\t\t\t\t\t\t\t<a href=\"\" class=\"elementor-toggle-title\">\u0130mplantlar Yerle\u015ftirildikten Sonra Proteziniz Ne Zaman Yap\u0131labilir?<\/a>\n\t\t\t\t\t<\/div>\n\n\t\t\t\t\t<div id=\"elementor-tab-content-9582\" class=\"elementor-tab-content elementor-clearfix\" data-tab=\"2\" role=\"tabpanel\" aria-labelledby=\"elementor-tab-title-9582\"><p style=\"margin: 0cm; margin-bottom: .0001pt; text-align: justify; background: white;\"><span style=\"font-size: 10.5pt; font-family: 'Arial','sans-serif'; color: #333333;\">\u0130mplant yerle\u015ftirildikten sonra kemikle kayna\u015fmas\u0131 i\u00e7in zaman gerekir. Bu zaman 3 ila 5 ay aras\u0131nda de\u011fi\u015fkenlik g\u00f6sterir. Bu kaynama sa\u011fland\u0131ktan sonra hem implant \u00fczerine yap\u0131lacak di\u015fler i\u00e7in size randevu verecek ve birka\u00e7 seans di\u015flerle a\u011f\u0131z i\u00e7erisinde prova yap\u0131p tedaviyi bitirecektir.<\/span><\/p><\/div>\n\t\t\t\t<\/div>\n\t\t\t\t\t\t\t<div class=\"elementor-toggle-item\">\n\t\t\t\t\t<div id=\"elementor-tab-title-9583\" class=\"elementor-tab-title\" data-tab=\"3\" role=\"tab\" aria-controls=\"elementor-tab-content-9583\" aria-expanded=\"false\">\n\t\t\t\t\t\t\t\t\t\t\t\t<span class=\"elementor-toggle-icon elementor-toggle-icon-left\" aria-hidden=\"true\">\n\t\t\t\t\t\t\t\t\t\t\t\t\t\t\t<span class=\"elementor-toggle-icon-closed\"><i class=\"fas fa-caret-right\"><\/i><\/span>\n\t\t\t\t\t\t\t\t<span class=\"elementor-toggle-icon-opened\"><i class=\"elementor-toggle-icon-opened fas fa-caret-up\"><\/i><\/span>\n\t\t\t\t\t\t\t\t\t\t\t\t\t<\/span>\n\t\t\t\t\t\t\t\t\t\t\t\t<a href=\"\" class=\"elementor-toggle-title\">\u0130mplant Tedavisi Kimler \u0130\u00e7in Uygundur?<\/a>\n\t\t\t\t\t<\/div>\n\n\t\t\t\t\t<div id=\"elementor-tab-content-9583\" class=\"elementor-tab-content elementor-clearfix\" data-tab=\"3\" role=\"tabpanel\" aria-labelledby=\"elementor-tab-title-9583\"><p>-Normal bir yara iyile\u015fme kapasitesi olan<\/p><p>-A\u011f\u0131z hijyenini sa\u011flayabilecek<\/p><p>-Yeterli miktarda ya da yeterli miktara ula\u015ft\u0131r\u0131labilecek potansiyelde sa\u011fl\u0131kl\u0131 kemik yap\u0131s\u0131na sahip<\/p><p>-\u0130mplant yap\u0131m\u0131 i\u00e7in kesinlikle sak\u0131nca te\u015fkil eden baz\u0131 hastal\u0131klar\u0131 olmayan herkes, implant tedavisi g\u00f6rebilir.<\/p><\/div>\n\t\t\t\t<\/div>\n\t\t\t\t\t\t\t<div class=\"elementor-toggle-item\">\n\t\t\t\t\t<div id=\"elementor-tab-title-9584\" class=\"elementor-tab-title\" data-tab=\"4\" role=\"tab\" aria-controls=\"elementor-tab-content-9584\" aria-expanded=\"false\">\n\t\t\t\t\t\t\t\t\t\t\t\t<span class=\"elementor-toggle-icon elementor-toggle-icon-left\" aria-hidden=\"true\">\n\t\t\t\t\t\t\t\t\t\t\t\t\t\t\t<span class=\"elementor-toggle-icon-closed\"><i class=\"fas fa-caret-right\"><\/i><\/span>\n\t\t\t\t\t\t\t\t<span class=\"elementor-toggle-icon-opened\"><i class=\"elementor-toggle-icon-opened fas fa-caret-up\"><\/i><\/span>\n\t\t\t\t\t\t\t\t\t\t\t\t\t<\/span>\n\t\t\t\t\t\t\t\t\t\t\t\t<a href=\"\" class=\"elementor-toggle-title\">\u0130mplant Uygulamas\u0131n\u0131n Uygun Olmad\u0131\u011f\u0131 Durumlar nelerdir?<\/a>\n\t\t\t\t\t<\/div>\n\n\t\t\t\t\t<div id=\"elementor-tab-content-9584\" class=\"elementor-tab-content elementor-clearfix\" data-tab=\"4\" role=\"tabpanel\" aria-labelledby=\"elementor-tab-title-9584\"><p>Baz\u0131 sistemik hastal\u0131klar veya \u00e7e\u015fitli engellemeler nedeniyle implant uygulamas\u0131 tercih edilmemektedir.<\/p><p>-\u00c7enedeki kemik yap\u0131s\u0131n\u0131n uygun olmamas\u0131 durumunda<\/p><p>-Kalp rahats\u0131zl\u0131\u011f\u0131 olan bireylerde,<\/p><p>-Kontrol alt\u0131nda olmayan Diabet (\u015eeker) hastalar\u0131nda,<\/p><p>-Kan p\u0131ht\u0131la\u015fma sorunlar\u0131 ya\u015fayan ki\u015filerde,<\/p><p>-Alkol veya ila\u00e7 ba\u011f\u0131ml\u0131l\u0131\u011f\u0131 olan bireylerde,<\/p><p>-Hastan\u0131n cerrahi i\u015flemlere yatk\u0131n olmamas\u0131 durumunda (a\u015f\u0131r\u0131 korku, endi\u015fe)<\/p><p>-Hastan\u0131n implant sonras\u0131 oral hijyenini (a\u011f\u0131z temizli\u011fini) tam olarak sa\u011flayamayaca\u011f\u0131 durumlar\u0131nda implant uygulamas\u0131 \u00f6nerilmemektedir.<\/p><\/div>\n\t\t\t\t<\/div>\n\t\t\t\t\t\t\t<div class=\"elementor-toggle-item\">\n\t\t\t\t\t<div id=\"elementor-tab-title-9585\" class=\"elementor-tab-title\" data-tab=\"5\" role=\"tab\" aria-controls=\"elementor-tab-content-9585\" aria-expanded=\"false\">\n\t\t\t\t\t\t\t\t\t\t\t\t<span class=\"elementor-toggle-icon elementor-toggle-icon-left\" aria-hidden=\"true\">\n\t\t\t\t\t\t\t\t\t\t\t\t\t\t\t<span class=\"elementor-toggle-icon-closed\"><i class=\"fas fa-caret-right\"><\/i><\/span>\n\t\t\t\t\t\t\t\t<span class=\"elementor-toggle-icon-opened\"><i class=\"elementor-toggle-icon-opened fas fa-caret-up\"><\/i><\/span>\n\t\t\t\t\t\t\t\t\t\t\t\t\t<\/span>\n\t\t\t\t\t\t\t\t\t\t\t\t<a href=\"\" class=\"elementor-toggle-title\">\u0130mplant Her Ya\u015fta Uygulanabilir mi?<\/a>\n\t\t\t\t\t<\/div>\n\n\t\t\t\t\t<div id=\"elementor-tab-content-9585\" class=\"elementor-tab-content elementor-clearfix\" data-tab=\"5\" role=\"tabpanel\" aria-labelledby=\"elementor-tab-title-9585\"><p>\u0130mplant her ya\u015fta uygulanabilir. Yaln\u0131zca, gen\u00e7lerde kemik geli\u015fiminin tamamlanmas\u0131 gerekmektedir. Bu da k\u0131zlarda 16-17, erkeklerde ise 18 ya\u015f\u0131na kadar ger\u00e7ekle\u015fmektedir. Eri\u015fkinler i\u00e7in \u00fcst ya\u015f s\u0131n\u0131r\u0131 yoktur. Genel sa\u011fl\u0131k durumu uygun olan her ya\u015ftaki insana uygulanabilir. Ya\u015fl\u0131 insanlar daha \u00e7ok di\u015f kaybettiklerinden ve \u00e7ene kemiklerinde erimeler oldu\u011fu i\u00e7in di\u015f implantlar\u0131na daha \u00e7ok gereksinim duyarlar.<\/p><\/div>\n\t\t\t\t<\/div>\n\t\t\t\t\t\t\t<div class=\"elementor-toggle-item\">\n\t\t\t\t\t<div id=\"elementor-tab-title-9586\" class=\"elementor-tab-title\" data-tab=\"6\" role=\"tab\" aria-controls=\"elementor-tab-content-9586\" aria-expanded=\"false\">\n\t\t\t\t\t\t\t\t\t\t\t\t<span class=\"elementor-toggle-icon elementor-toggle-icon-left\" aria-hidden=\"true\">\n\t\t\t\t\t\t\t\t\t\t\t\t\t\t\t<span class=\"elementor-toggle-icon-closed\"><i class=\"fas fa-caret-right\"><\/i><\/span>\n\t\t\t\t\t\t\t\t<span class=\"elementor-toggle-icon-opened\"><i class=\"elementor-toggle-icon-opened fas fa-caret-up\"><\/i><\/span>\n\t\t\t\t\t\t\t\t\t\t\t\t\t<\/span>\n\t\t\t\t\t\t\t\t\t\t\t\t<a href=\"\" class=\"elementor-toggle-title\">E\u011fer Tedavi Ba\u015far\u0131s\u0131z Olursa?<\/a>\n\t\t\t\t\t<\/div>\n\n\t\t\t\t\t<div id=\"elementor-tab-content-9586\" class=\"elementor-tab-content elementor-clearfix\" data-tab=\"6\" role=\"tabpanel\" aria-labelledby=\"elementor-tab-title-9586\"><p>\u0130mplant \u00e7ok basit bir giri\u015fim ile \u00e7\u0131kart\u0131labilir ve yeri kendili\u011finden iyile\u015fir.<\/p><\/div>\n\t\t\t\t<\/div>\n\t\t\t\t\t\t\t<div class=\"elementor-toggle-item\">\n\t\t\t\t\t<div id=\"elementor-tab-title-9587\" class=\"elementor-tab-title\" data-tab=\"7\" role=\"tab\" aria-controls=\"elementor-tab-content-9587\" aria-expanded=\"false\">\n\t\t\t\t\t\t\t\t\t\t\t\t<span class=\"elementor-toggle-icon elementor-toggle-icon-left\" aria-hidden=\"true\">\n\t\t\t\t\t\t\t\t\t\t\t\t\t\t\t<span class=\"elementor-toggle-icon-closed\"><i class=\"fas fa-caret-right\"><\/i><\/span>\n\t\t\t\t\t\t\t\t<span class=\"elementor-toggle-icon-opened\"><i class=\"elementor-toggle-icon-opened fas fa-caret-up\"><\/i><\/span>\n\t\t\t\t\t\t\t\t\t\t\t\t\t<\/span>\n\t\t\t\t\t\t\t\t\t\t\t\t<a href=\"\" class=\"elementor-toggle-title\">\u0130mplantlar V\u00fccut Taraf\u0131ndan Reddedilir mi?<\/a>\n\t\t\t\t\t<\/div>\n\n\t\t\t\t\t<div id=\"elementor-tab-content-9587\" class=\"elementor-tab-content elementor-clearfix\" data-tab=\"7\" role=\"tabpanel\" aria-labelledby=\"elementor-tab-title-9587\"><p>\u0130mplantlar \u00e7o\u011funlukla titanyum denilen biyolojik uyumlu maddelerden yap\u0131lmaktad\u0131r. Titanyum canl\u0131 bir madde olmad\u0131\u011f\u0131 i\u00e7in, kalp ve b\u00f6brek nakillerinde oldu\u011fu gibi\u00a0 reaksiyon olu\u015fturmaz.. Bu nedenle bir &#8220;doku reddinden&#8221; s\u00f6z edilemez.<\/p><\/div>\n\t\t\t\t<\/div>\n\t\t\t\t\t\t\t<div class=\"elementor-toggle-item\">\n\t\t\t\t\t<div id=\"elementor-tab-title-9588\" class=\"elementor-tab-title\" data-tab=\"8\" role=\"tab\" aria-controls=\"elementor-tab-content-9588\" aria-expanded=\"false\">\n\t\t\t\t\t\t\t\t\t\t\t\t<span class=\"elementor-toggle-icon elementor-toggle-icon-left\" aria-hidden=\"true\">\n\t\t\t\t\t\t\t\t\t\t\t\t\t\t\t<span class=\"elementor-toggle-icon-closed\"><i class=\"fas fa-caret-right\"><\/i><\/span>\n\t\t\t\t\t\t\t\t<span class=\"elementor-toggle-icon-opened\"><i class=\"elementor-toggle-icon-opened fas fa-caret-up\"><\/i><\/span>\n\t\t\t\t\t\t\t\t\t\t\t\t\t<\/span>\n\t\t\t\t\t\t\t\t\t\t\t\t<a href=\"\" class=\"elementor-toggle-title\">\u0130mplant Uygulamas\u0131 S\u0131ras\u0131nda Hastan\u0131n A\u011fr\u0131 Duymas\u0131 Ne Kadar Olur?<\/a>\n\t\t\t\t\t<\/div>\n\n\t\t\t\t\t<div id=\"elementor-tab-content-9588\" class=\"elementor-tab-content elementor-clearfix\" data-tab=\"8\" role=\"tabpanel\" aria-labelledby=\"elementor-tab-title-9588\"><p>\u0130mplant uygulamas\u0131 s\u0131ras\u0131nda hastan\u0131n a\u011fr\u0131 duyma olas\u0131l\u0131\u011f\u0131 s\u00f6z konusu bile de\u011fil. \u00c7\u00fcnk\u00fc do\u011fru uygulanm\u0131\u015f bir anestezi sonras\u0131nda hasta yap\u0131lan hi\u00e7bir uygulamay\u0131 hissedemez\u2026 Bu uygulama \u00e7e\u015fitlili\u011fi s\u0131n\u0131rs\u0131z. Lokal anesteziyle, uygulanan b\u00f6lge ile beyin aras\u0131nda ileti sistemi belirli bir s\u00fcreyle bloke olur. B\u00f6ylece yap\u0131lan hi\u00e7bir i\u015flem kesinlikle beyin ve dolay\u0131s\u0131yla hasta taraf\u0131ndan hissedilemez.<\/p><\/div>\n\t\t\t\t<\/div>\n\t\t\t\t\t\t\t\t<\/div>\n\t\t\t\t<\/div>\n\t\t\t\t<\/div>\n\t\t\t\t\t\t<\/div>\n\t\t\t\t\t<\/div>\n\t\t<\/div>\n\t\t\t\t\t\t\t\t<\/div>\n\t\t\t\t\t<\/div>\n\t\t<\/section>\n\t\t\t\t\t\t<\/div>\n\t\t\t\t\t\t<\/div>\n\t\t\t\t\t<\/div>\n\t\t","protected":false},"excerpt":{"rendered":"<p>\u0130mplant Nedir? Kaybedilen di\u015flerin yerine tedavi amac\u0131 ile yerle\u015ftirilen ve organizma i\u00e7in herhangi bir yan etkisi olmayan, titanyum metalinden imal<\/p>\n","protected":false},"author":1,"featured_media":0,"parent":0,"menu_order":0,"comment_status":"closed","ping_status":"closed","template":"","meta":{"_joinchat":[],"footnotes":""},"class_list":["post-209","page","type-page","status-publish","hentry"],"_links":{"self":[{"href":"https:\/\/gazisehirdis.com\/index.php\/wp-json\/wp\/v2\/pages\/209","targetHints":{"allow":["GET"]}}],"collection":[{"href":"https:\/\/gazisehirdis.com\/index.php\/wp-json\/wp\/v2\/pages"}],"about":[{"href":"https:\/\/gazisehirdis.com\/index.php\/wp-json\/wp\/v2\/types\/page"}],"author":[{"embeddable":true,"href":"https:\/\/gazisehirdis.com\/index.php\/wp-json\/wp\/v2\/users\/1"}],"replies":[{"embeddable":true,"href":"https:\/\/gazisehirdis.com\/index.php\/wp-json\/wp\/v2\/comments?post=209"}],"version-history":[{"count":14,"href":"https:\/\/gazisehirdis.com\/index.php\/wp-json\/wp\/v2\/pages\/209\/revisions"}],"predecessor-version":[{"id":361,"href":"https:\/\/gazisehirdis.com\/index.php\/wp-json\/wp\/v2\/pages\/209\/revisions\/361"}],"wp:attachment":[{"href":"https:\/\/gazisehirdis.com\/index.php\/wp-json\/wp\/v2\/media?parent=209"}],"curies":[{"name":"wp","href":"https:\/\/api.w.org\/{rel}","templated":true}]}}