{"id":229,"date":"2021-05-03T00:28:30","date_gmt":"2021-05-02T21:28:30","guid":{"rendered":"http:\/\/gazisehirdis.com\/?page_id=229"},"modified":"2021-05-08T23:33:26","modified_gmt":"2021-05-08T20:33:26","slug":"kanal-tedavisi-2-3-2","status":"publish","type":"page","link":"https:\/\/gazisehirdis.com\/index.php\/kanal-tedavisi-2-3-2\/","title":{"rendered":"Di\u015f Eti Kanamas\u0131 ve Tedavisi"},"content":{"rendered":"\t\t<div data-elementor-type=\"wp-page\" data-elementor-id=\"229\" class=\"elementor elementor-229\" data-elementor-settings=\"[]\">\n\t\t\t\t\t\t<div class=\"elementor-inner\">\n\t\t\t\t\t\t\t<div class=\"elementor-section-wrap\">\n\t\t\t\t\t\t\t<section class=\"elementor-section elementor-top-section elementor-element elementor-element-f46a6f1 elementor-section-full_width elementor-section-height-default elementor-section-height-default\" data-id=\"f46a6f1\" data-element_type=\"section\">\n\t\t\t\t\t\t<div class=\"elementor-container elementor-column-gap-default\">\n\t\t\t\t\t\t\t<div class=\"elementor-row\">\n\t\t\t\t\t<div class=\"elementor-column elementor-col-100 elementor-top-column elementor-element elementor-element-8ce99f7\" data-id=\"8ce99f7\" data-element_type=\"column\">\n\t\t\t<div class=\"elementor-column-wrap elementor-element-populated\">\n\t\t\t\t\t\t\t<div class=\"elementor-widget-wrap\">\n\t\t\t\t\t\t<div class=\"elementor-element elementor-element-5b5fca4 elementor-widget elementor-widget-toggle\" data-id=\"5b5fca4\" data-element_type=\"widget\" data-widget_type=\"toggle.default\">\n\t\t\t\t<div class=\"elementor-widget-container\">\n\t\t\t\t\t<div class=\"elementor-toggle\" role=\"tablist\">\n\t\t\t\t\t\t\t<div class=\"elementor-toggle-item\">\n\t\t\t\t\t<div id=\"elementor-tab-title-9581\" class=\"elementor-tab-title\" data-tab=\"1\" role=\"tab\" aria-controls=\"elementor-tab-content-9581\" aria-expanded=\"false\">\n\t\t\t\t\t\t\t\t\t\t\t\t<span class=\"elementor-toggle-icon elementor-toggle-icon-left\" aria-hidden=\"true\">\n\t\t\t\t\t\t\t\t\t\t\t\t\t\t\t<span class=\"elementor-toggle-icon-closed\"><i class=\"fas fa-caret-right\"><\/i><\/span>\n\t\t\t\t\t\t\t\t<span class=\"elementor-toggle-icon-opened\"><i class=\"elementor-toggle-icon-opened fas fa-caret-up\"><\/i><\/span>\n\t\t\t\t\t\t\t\t\t\t\t\t\t<\/span>\n\t\t\t\t\t\t\t\t\t\t\t\t<a href=\"\" class=\"elementor-toggle-title\">Di\u015feti Kanamas\u0131 Normal Bir Durum Mudur?<\/a>\n\t\t\t\t\t<\/div>\n\n\t\t\t\t\t<div id=\"elementor-tab-content-9581\" class=\"elementor-tab-content elementor-clearfix\" data-tab=\"1\" role=\"tabpanel\" aria-labelledby=\"elementor-tab-title-9581\"><p style=\"text-align: justify; margin: 0cm 0cm 7.5pt 0cm;\">Di\u015feti hastal\u0131klar\u0131n\u0131n ilk ve en \u00f6nemli belirtisi, di\u015feti kanamas\u0131d\u0131r. Bunun yan\u0131 s\u0131ra, di\u015fetlerinde g\u00f6r\u00fclen \u015fi\u015fme ve k\u0131zar\u0131kl\u0131k, ka\u015f\u0131nt\u0131 ve kurcalama hissi, b\u00f6lgesel veya yayg\u0131n \u00e7ekilmeler ve \u00e7ekilen b\u00f6lgelerde hassasiyetle de kendini belli eder. Daha ileri durumlarda ise, di\u015f ve di\u015f eti aras\u0131ndan iltihap ak\u0131\u015f\u0131, di\u015flerde yer de\u011fi\u015fikli\u011fi, uzama ve sallanmalar g\u00f6zlemlenebilir. T\u00fcm bu belirtilere k\u00f6t\u00fc koku ve tat e\u015flik edebilir. Di\u015f f\u0131r\u00e7alarken geli\u015fen di\u015feti kanamas\u0131, di\u015feti hastal\u0131\u011f\u0131n\u0131n en erken ve en \u00f6nemli belirtisidir. Bu durumda mutlaka bir di\u015f hekimine gitmek gerekir.D\u00fczenli a\u011f\u0131z bak\u0131m\u0131n\u0131n yap\u0131lmas\u0131 (f\u0131r\u00e7alama, di\u015f ipi kullan\u0131m\u0131 ve a\u011f\u0131z \u00e7alkalama sular\u0131n\u0131n kullan\u0131m\u0131), rutin olarak di\u015f hekiminin ziyaret edilmesi ile di\u015f eti kanamalar\u0131n\u0131n \u00f6n\u00fcne ge\u00e7ilmi\u015f olunur.<\/p><\/div>\n\t\t\t\t<\/div>\n\t\t\t\t\t\t\t<div class=\"elementor-toggle-item\">\n\t\t\t\t\t<div id=\"elementor-tab-title-9582\" class=\"elementor-tab-title\" data-tab=\"2\" role=\"tab\" aria-controls=\"elementor-tab-content-9582\" aria-expanded=\"false\">\n\t\t\t\t\t\t\t\t\t\t\t\t<span class=\"elementor-toggle-icon elementor-toggle-icon-left\" aria-hidden=\"true\">\n\t\t\t\t\t\t\t\t\t\t\t\t\t\t\t<span class=\"elementor-toggle-icon-closed\"><i class=\"fas fa-caret-right\"><\/i><\/span>\n\t\t\t\t\t\t\t\t<span class=\"elementor-toggle-icon-opened\"><i class=\"elementor-toggle-icon-opened fas fa-caret-up\"><\/i><\/span>\n\t\t\t\t\t\t\t\t\t\t\t\t\t<\/span>\n\t\t\t\t\t\t\t\t\t\t\t\t<a href=\"\" class=\"elementor-toggle-title\">Sa\u011fl\u0131kl\u0131 Di\u015f Etlerinin G\u00f6r\u00fcn\u00fcm\u00fc Nas\u0131ld\u0131r?<\/a>\n\t\t\t\t\t<\/div>\n\n\t\t\t\t\t<div id=\"elementor-tab-content-9582\" class=\"elementor-tab-content elementor-clearfix\" data-tab=\"2\" role=\"tabpanel\" aria-labelledby=\"elementor-tab-title-9582\"><p>Sa\u011fl\u0131kl\u0131 di\u015f etleri a\u00e7\u0131k pembe renktedir, matt\u0131r ve s\u0131k\u0131 g\u00f6r\u00fcn\u00fcmdedir. Di\u015fi, boyun b\u00f6lgesinde bir yaka gibi sarar ve di\u015f ile birle\u015fti\u011fi yerde b\u0131\u00e7ak s\u0131rt\u0131 \u015feklinde sonlan\u0131r. \u00a0K\u0131rm\u0131z\u0131l\u0131k, \u015fi\u015fkinlik ya da enfeksiyon yoktur. Normal f\u0131r\u00e7alama ve ip kullan\u0131m\u0131yla kanama olmaz. Herhangi bir rahats\u0131zl\u0131k hissi olu\u015fturmaz.<\/p><\/div>\n\t\t\t\t<\/div>\n\t\t\t\t\t\t\t<div class=\"elementor-toggle-item\">\n\t\t\t\t\t<div id=\"elementor-tab-title-9583\" class=\"elementor-tab-title\" data-tab=\"3\" role=\"tab\" aria-controls=\"elementor-tab-content-9583\" aria-expanded=\"false\">\n\t\t\t\t\t\t\t\t\t\t\t\t<span class=\"elementor-toggle-icon elementor-toggle-icon-left\" aria-hidden=\"true\">\n\t\t\t\t\t\t\t\t\t\t\t\t\t\t\t<span class=\"elementor-toggle-icon-closed\"><i class=\"fas fa-caret-right\"><\/i><\/span>\n\t\t\t\t\t\t\t\t<span class=\"elementor-toggle-icon-opened\"><i class=\"elementor-toggle-icon-opened fas fa-caret-up\"><\/i><\/span>\n\t\t\t\t\t\t\t\t\t\t\t\t\t<\/span>\n\t\t\t\t\t\t\t\t\t\t\t\t<a href=\"\" class=\"elementor-toggle-title\">Di\u015f Ta\u015f\u0131 Di\u015f Eti Hastal\u0131klar\u0131na Neden Olur Mu?<\/a>\n\t\t\t\t\t<\/div>\n\n\t\t\t\t\t<div id=\"elementor-tab-content-9583\" class=\"elementor-tab-content elementor-clearfix\" data-tab=\"3\" role=\"tabpanel\" aria-labelledby=\"elementor-tab-title-9583\"><p style=\"text-align: justify; margin: 0cm 0cm 7.5pt 0cm;\">Elbette olur. Di\u015f ta\u015flar\u0131, bakteri pla\u011f\u0131 dedi\u011fimiz bu p\u00fcremsi birikintilerin \u00fczerisine, t\u00fck\u00fcr\u00fckte bulunan maddelerin \u00e7\u00f6kelmesiyle olu\u015fur. Di\u015f ta\u015flar\u0131 temizlenmedi\u011fi zaman, \u00fczerinde mevcut mikroorganizmalardan ve di\u015f etlerine mekanik bask\u0131lardan k\u0131zar\u0131kl\u0131k, \u015fi\u015fme ve di\u015f eti \u00e7ekilmelerine sebep olur.<\/p><\/div>\n\t\t\t\t<\/div>\n\t\t\t\t\t\t\t<div class=\"elementor-toggle-item\">\n\t\t\t\t\t<div id=\"elementor-tab-title-9584\" class=\"elementor-tab-title\" data-tab=\"4\" role=\"tab\" aria-controls=\"elementor-tab-content-9584\" aria-expanded=\"false\">\n\t\t\t\t\t\t\t\t\t\t\t\t<span class=\"elementor-toggle-icon elementor-toggle-icon-left\" aria-hidden=\"true\">\n\t\t\t\t\t\t\t\t\t\t\t\t\t\t\t<span class=\"elementor-toggle-icon-closed\"><i class=\"fas fa-caret-right\"><\/i><\/span>\n\t\t\t\t\t\t\t\t<span class=\"elementor-toggle-icon-opened\"><i class=\"elementor-toggle-icon-opened fas fa-caret-up\"><\/i><\/span>\n\t\t\t\t\t\t\t\t\t\t\t\t\t<\/span>\n\t\t\t\t\t\t\t\t\t\t\t\t<a href=\"\" class=\"elementor-toggle-title\">Di\u015f Ta\u015f\u0131 Temizletmek Zaral\u0131 M\u0131d\u0131r?<\/a>\n\t\t\t\t\t<\/div>\n\n\t\t\t\t\t<div id=\"elementor-tab-content-9584\" class=\"elementor-tab-content elementor-clearfix\" data-tab=\"4\" role=\"tabpanel\" aria-labelledby=\"elementor-tab-title-9584\"><p>Di\u015f ta\u015f\u0131 temizli\u011finin di\u015flere di\u015f etine ve ya hi\u00e7bir dokuya zarar\u0131 yoktur.<\/p><\/div>\n\t\t\t\t<\/div>\n\t\t\t\t\t\t\t<div class=\"elementor-toggle-item\">\n\t\t\t\t\t<div id=\"elementor-tab-title-9585\" class=\"elementor-tab-title\" data-tab=\"5\" role=\"tab\" aria-controls=\"elementor-tab-content-9585\" aria-expanded=\"false\">\n\t\t\t\t\t\t\t\t\t\t\t\t<span class=\"elementor-toggle-icon elementor-toggle-icon-left\" aria-hidden=\"true\">\n\t\t\t\t\t\t\t\t\t\t\t\t\t\t\t<span class=\"elementor-toggle-icon-closed\"><i class=\"fas fa-caret-right\"><\/i><\/span>\n\t\t\t\t\t\t\t\t<span class=\"elementor-toggle-icon-opened\"><i class=\"elementor-toggle-icon-opened fas fa-caret-up\"><\/i><\/span>\n\t\t\t\t\t\t\t\t\t\t\t\t\t<\/span>\n\t\t\t\t\t\t\t\t\t\t\t\t<a href=\"\" class=\"elementor-toggle-title\">Di\u015f ve Di\u015f Eti Sa\u011fl\u0131\u011f\u0131n\u0131 Art\u0131rmak \u0130\u00e7in Neler Yapabiliriz?<\/a>\n\t\t\t\t\t<\/div>\n\n\t\t\t\t\t<div id=\"elementor-tab-content-9585\" class=\"elementor-tab-content elementor-clearfix\" data-tab=\"5\" role=\"tabpanel\" aria-labelledby=\"elementor-tab-title-9585\"><p style=\"text-align: justify; margin: 0cm 0cm 7.5pt 0cm;\"><span style=\"font-family: 'Arial','sans-serif';\">Ya\u015fam boyu di\u015flerinizi kaybetmemek i\u00e7in bakteri pla\u011f\u0131n\u0131n; di\u015f f\u0131r\u00e7alanmas\u0131, di\u015f ipi ve kimyasal ajanlar kullan\u0131lmas\u0131 yoluyla, d\u00fczenli olarak her g\u00fcn di\u015flerden uzakla\u015ft\u0131r\u0131lmas\u0131 gerekmektedir. Bunlara ek olarak, di\u015f hekimine d\u00fczenli gidilerek kontrollerin yapt\u0131r\u0131lmas\u0131 da son derece \u00f6nemlidir. G\u00fcnl\u00fck a\u011f\u0131z bak\u0131m\u0131 di\u015f ta\u015flar\u0131n\u0131n olu\u015fumunu en az seviyede tutmakla beraber, tamamen \u00f6nleyememektedir. Bir di\u015f hekimi taraf\u0131ndan yap\u0131lacak di\u015f ta\u015f\u0131 temizli\u011fi; di\u015f f\u0131r\u00e7as\u0131, di\u015f ipi ile temizlenemeyen b\u00f6lgelerdeki sertle\u015fmi\u015f di\u015f ta\u015flar\u0131n\u0131n ortamdan uzakla\u015ft\u0131r\u0131lmas\u0131n\u0131 sa\u011flar. Di\u015f ta\u015flar\u0131n\u0131n kald\u0131r\u0131lmas\u0131na, di\u015f ta\u015f\u0131 temizli\u011fi ismi verilmektedir. Di\u015f hekimi, ki\u015finin \u00f6zel gereksinimlerine g\u00f6re ki\u015fisel bir a\u011f\u0131z bak\u0131m plan\u0131 yapabilir. Bu programla di\u015fler ile di\u015f etlerine zarar vermeksizin, di\u015f f\u0131r\u00e7alamay\u0131 ve di\u015f ipi kullanma \u00f6\u011frenilip, uygulanabilir. Di\u015f hekimi d\u00fczenli ziyaret edilerek, a\u011f\u0131z sa\u011fl\u0131k \u00fcr\u00fcnleri hakk\u0131nda \u00f6neriler al\u0131nabilir. Piyasada \u00e7e\u015fitli di\u015f f\u0131r\u00e7as\u0131, di\u015f ipi, a\u011f\u0131z gargaralar\u0131 ve di\u015fler aras\u0131 temizleyicileri bulunmaktad\u0131r. Di\u015f hekimi ki\u015filerin ihtiya\u00e7lar\u0131na en uygun olan \u00fcr\u00fcnlerin se\u00e7ilmesine yard\u0131mc\u0131 olacakt\u0131r.<\/span><\/p><\/div>\n\t\t\t\t<\/div>\n\t\t\t\t\t\t\t\t<\/div>\n\t\t\t\t<\/div>\n\t\t\t\t<\/div>\n\t\t\t\t\t\t<\/div>\n\t\t\t\t\t<\/div>\n\t\t<\/div>\n\t\t\t\t\t\t\t\t<\/div>\n\t\t\t\t\t<\/div>\n\t\t<\/section>\n\t\t\t\t\t\t<\/div>\n\t\t\t\t\t\t<\/div>\n\t\t\t\t\t<\/div>\n\t\t","protected":false},"excerpt":{"rendered":"<p>Di\u015feti Kanamas\u0131 Normal Bir Durum Mudur? Di\u015feti hastal\u0131klar\u0131n\u0131n ilk ve en \u00f6nemli belirtisi, di\u015feti kanamas\u0131d\u0131r. Bunun yan\u0131 s\u0131ra, di\u015fetlerinde g\u00f6r\u00fclen<\/p>\n","protected":false},"author":1,"featured_media":0,"parent":0,"menu_order":0,"comment_status":"closed","ping_status":"closed","template":"","meta":{"_joinchat":[],"footnotes":""},"class_list":["post-229","page","type-page","status-publish","hentry"],"_links":{"self":[{"href":"https:\/\/gazisehirdis.com\/index.php\/wp-json\/wp\/v2\/pages\/229","targetHints":{"allow":["GET"]}}],"collection":[{"href":"https:\/\/gazisehirdis.com\/index.php\/wp-json\/wp\/v2\/pages"}],"about":[{"href":"https:\/\/gazisehirdis.com\/index.php\/wp-json\/wp\/v2\/types\/page"}],"author":[{"embeddable":true,"href":"https:\/\/gazisehirdis.com\/index.php\/wp-json\/wp\/v2\/users\/1"}],"replies":[{"embeddable":true,"href":"https:\/\/gazisehirdis.com\/index.php\/wp-json\/wp\/v2\/comments?post=229"}],"version-history":[{"count":8,"href":"https:\/\/gazisehirdis.com\/index.php\/wp-json\/wp\/v2\/pages\/229\/revisions"}],"predecessor-version":[{"id":349,"href":"https:\/\/gazisehirdis.com\/index.php\/wp-json\/wp\/v2\/pages\/229\/revisions\/349"}],"wp:attachment":[{"href":"https:\/\/gazisehirdis.com\/index.php\/wp-json\/wp\/v2\/media?parent=229"}],"curies":[{"name":"wp","href":"https:\/\/api.w.org\/{rel}","templated":true}]}}