{"id":240,"date":"2021-05-03T00:31:57","date_gmt":"2021-05-02T21:31:57","guid":{"rendered":"http:\/\/gazisehirdis.com\/?page_id=240"},"modified":"2021-05-12T02:18:24","modified_gmt":"2021-05-11T23:18:24","slug":"kanal-tedavisi-2-3-3-2","status":"publish","type":"page","link":"https:\/\/gazisehirdis.com\/index.php\/kanal-tedavisi-2-3-3-2\/","title":{"rendered":"A\u011f\u0131z Kokusu ve Tedavisi"},"content":{"rendered":"\t\t<div data-elementor-type=\"wp-page\" data-elementor-id=\"240\" class=\"elementor elementor-240\" data-elementor-settings=\"[]\">\n\t\t\t\t\t\t<div class=\"elementor-inner\">\n\t\t\t\t\t\t\t<div class=\"elementor-section-wrap\">\n\t\t\t\t\t\t\t<section class=\"elementor-section elementor-top-section elementor-element elementor-element-0c374b2 elementor-section-full_width elementor-section-height-default elementor-section-height-default\" data-id=\"0c374b2\" data-element_type=\"section\">\n\t\t\t\t\t\t<div class=\"elementor-container elementor-column-gap-default\">\n\t\t\t\t\t\t\t<div class=\"elementor-row\">\n\t\t\t\t\t<div class=\"elementor-column elementor-col-100 elementor-top-column elementor-element elementor-element-a652b45\" data-id=\"a652b45\" data-element_type=\"column\">\n\t\t\t<div class=\"elementor-column-wrap elementor-element-populated\">\n\t\t\t\t\t\t\t<div class=\"elementor-widget-wrap\">\n\t\t\t\t\t\t<div class=\"elementor-element elementor-element-27833b1 elementor-widget elementor-widget-heading\" data-id=\"27833b1\" data-element_type=\"widget\" data-widget_type=\"heading.default\">\n\t\t\t\t<div class=\"elementor-widget-container\">\n\t\t\t<h1 class=\"elementor-heading-title elementor-size-medium\">Genel Tan\u0131t\u0131m<\/h1>\t\t<\/div>\n\t\t\t\t<\/div>\n\t\t\t\t<div class=\"elementor-element elementor-element-5ad979b elementor-widget elementor-widget-heading\" data-id=\"5ad979b\" data-element_type=\"widget\" data-widget_type=\"heading.default\">\n\t\t\t\t<div class=\"elementor-widget-container\">\n\t\t\t<h2 class=\"elementor-heading-title elementor-size-small\">Uzun d\u00f6nem ge\u00e7meyen a\u011f\u0131z kokusunun nedenlerinin mutlaka ara\u015ft\u0131r\u0131lmas\u0131 gereklidir. Genellikle sabahlar\u0131 rahats\u0131z edici bir koku olmas\u0131 fizyolojik olarak normal kabul edilmektedir.<br><br>Ak\u015fam yenilen veya i\u00e7ilen g\u0131dalar\u0131n di\u015f aralar\u0131na girmesi ve dilde birikmesi sonucu olmaktad\u0131r.  Bu koku kal\u0131c\u0131 de\u011fildir ve di\u015fler f\u0131r\u00e7alanarak a\u011f\u0131z bak\u0131m\u0131 yap\u0131ld\u0131ktan sonra ge\u00e7ecektir.<br><br>Baz\u0131 ki\u015filerde ise herhangi bir a\u011f\u0131z kokusu olmamas\u0131na ra\u011fmen, a\u011fz\u0131n\u0131n koktu\u011funu d\u00fc\u015f\u00fcnmektedir. Bu durumdan rahats\u0131zl\u0131k duyan ki\u015fi bir di\u015f hekimine g\u00f6z\u00fckebilir. Yine a\u011f\u0131z i\u00e7inde meydana gelen di\u015f ve di\u015f eti hastal\u0131klar\u0131na ba\u011fl\u0131 olarak da a\u011f\u0131z kokusu geli\u015febilir.<br><br>Bazen a\u011f\u0131z d\u0131\u015f\u0131ndan kaynaklanan kokularda olabilir; bunlar mide, burun eti ve \u00fcst solunum yollar\u0131na ba\u011fl\u0131 hastal\u0131klardan kaynakl\u0131 meydana gelebilir. Bu durumlarda \u00f6ncelikle altta yatan sebebin ara\u015ft\u0131r\u0131l\u0131p tedavi edilmesi gerekmektedir.<\/h2>\t\t<\/div>\n\t\t\t\t<\/div>\n\t\t\t\t\t\t<\/div>\n\t\t\t\t\t<\/div>\n\t\t<\/div>\n\t\t\t\t\t\t\t\t<\/div>\n\t\t\t\t\t<\/div>\n\t\t<\/section>\n\t\t\t\t<section class=\"elementor-section elementor-top-section elementor-element elementor-element-57e5cb7 elementor-section-full_width elementor-section-height-default elementor-section-height-default\" data-id=\"57e5cb7\" data-element_type=\"section\">\n\t\t\t\t\t\t<div class=\"elementor-container elementor-column-gap-default\">\n\t\t\t\t\t\t\t<div class=\"elementor-row\">\n\t\t\t\t\t<div class=\"elementor-column elementor-col-100 elementor-top-column elementor-element elementor-element-9d9d4b9\" data-id=\"9d9d4b9\" data-element_type=\"column\">\n\t\t\t<div class=\"elementor-column-wrap elementor-element-populated\">\n\t\t\t\t\t\t\t<div class=\"elementor-widget-wrap\">\n\t\t\t\t\t\t<div class=\"elementor-element elementor-element-d59d6b9 elementor-widget elementor-widget-heading\" data-id=\"d59d6b9\" data-element_type=\"widget\" data-widget_type=\"heading.default\">\n\t\t\t\t<div class=\"elementor-widget-container\">\n\t\t\t<h2 class=\"elementor-heading-title elementor-size-small\">Nedenleri<\/h2>\t\t<\/div>\n\t\t\t\t<\/div>\n\t\t\t\t<div class=\"elementor-element elementor-element-d98a93b elementor-widget elementor-widget-heading\" data-id=\"d98a93b\" data-element_type=\"widget\" data-widget_type=\"heading.default\">\n\t\t\t\t<div class=\"elementor-widget-container\">\n\t\t\t<h2 class=\"elementor-heading-title elementor-size-small\">A\u011f\u0131z kokusu di\u015f sa\u011fl\u0131\u011f\u0131 al\u0131\u015fkanl\u0131klar\u0131ndan kaynaklanabilir ve di\u011fer sa\u011fl\u0131k sorunlar\u0131na da i\u015faret edebilir.<br><br>A\u011f\u0131z kokusu, yedi\u011finiz yiyecek t\u00fcrlerine ve di\u011fer sa\u011fl\u0131ks\u0131z ya\u015fam tarz\u0131 al\u0131\u015fkanl\u0131klar\u0131na g\u00f6re daha da k\u00f6t\u00fcle\u015ftirilebilir.<br><br>G\u00fcnl\u00fck olarak di\u015flerin f\u0131r\u00e7alanmas\u0131, di\u015f ipi ve gargara kullan\u0131lmas\u0131 a\u011f\u0131z bak\u0131m\u0131 a\u00e7\u0131s\u0131ndan son derece \u00f6nemlidir. F\u0131r\u00e7alanmayan, di\u015f ipi ve gargara kullan\u0131lmayan di\u015flerde g\u0131da par\u00e7ac\u0131klar\u0131 a\u011f\u0131zda kalabilir.<br><br>Di\u015flerin aras\u0131nda kalan yemek art\u0131klar\u0131, di\u015f etlerinin \u00e7evresinde ve dilde bakteri \u00fcremesine neden olur ve bu durumda nefesin k\u00f6t\u00fc kokmas\u0131na yol a\u00e7ar.<br><br>Antibakteriyel a\u011f\u0131z gargaralar\u0131 kokuyu azaltmaya yard\u0131mc\u0131 olabilir.<br><br>Ayr\u0131ca takma di\u015fler de kokuya neden olan bakteri ve yiyecek par\u00e7ac\u0131klar\u0131n\u0131n uygun \u015fekilde temizlenmemesi durumunda k\u00f6t\u00fc kokuya neden olabilir.<br><br>Kal\u0131c\u0131 a\u011f\u0131z kokusu veya a\u011f\u0131zda k\u00f6t\u00fc bir tat, di\u015f eti hastal\u0131\u011f\u0131n\u0131n bir i\u015fareti de olabilir. Di\u015flerdeki plak birikimi ve di\u015f etlerini tahri\u015f eden toksinler di\u015f eti hastal\u0131klar\u0131na sebep olabilir. E\u011fer a\u011f\u0131z kokusu di\u015f eti hastal\u0131\u011f\u0131ndan kaynaklan\u0131yorsa en k\u0131sa s\u00fcrede tedavi edilmelidir. Tedavi edilmeyen di\u015f etline ba\u011fl\u0131 rahats\u0131zl\u0131klar di\u015f ve \u00e7ene kemi\u011fine zarar verebilir.\n<\/h2>\t\t<\/div>\n\t\t\t\t<\/div>\n\t\t\t\t\t\t<\/div>\n\t\t\t\t\t<\/div>\n\t\t<\/div>\n\t\t\t\t\t\t\t\t<\/div>\n\t\t\t\t\t<\/div>\n\t\t<\/section>\n\t\t\t\t<section class=\"elementor-section elementor-top-section elementor-element elementor-element-f9051f1 elementor-section-full_width elementor-section-height-default elementor-section-height-default\" data-id=\"f9051f1\" data-element_type=\"section\">\n\t\t\t\t\t\t<div class=\"elementor-container elementor-column-gap-default\">\n\t\t\t\t\t\t\t<div class=\"elementor-row\">\n\t\t\t\t\t<div class=\"elementor-column elementor-col-100 elementor-top-column elementor-element elementor-element-4b8e1a4\" data-id=\"4b8e1a4\" data-element_type=\"column\">\n\t\t\t<div class=\"elementor-column-wrap elementor-element-populated\">\n\t\t\t\t\t\t\t<div class=\"elementor-widget-wrap\">\n\t\t\t\t\t\t<div class=\"elementor-element elementor-element-8ed1d67 elementor-widget elementor-widget-heading\" data-id=\"8ed1d67\" data-element_type=\"widget\" data-widget_type=\"heading.default\">\n\t\t\t\t<div class=\"elementor-widget-container\">\n\t\t\t<h2 class=\"elementor-heading-title elementor-size-small\">A\u011f\u0131z Kokusuna Sebep Olabilecek Di\u011fer Nedenler <\/h2>\t\t<\/div>\n\t\t\t\t<\/div>\n\t\t\t\t<div class=\"elementor-element elementor-element-4784d66 elementor-icon-list--layout-traditional elementor-list-item-link-full_width elementor-widget elementor-widget-icon-list\" data-id=\"4784d66\" data-element_type=\"widget\" data-widget_type=\"icon-list.default\">\n\t\t\t\t<div class=\"elementor-widget-container\">\n\t\t\t\t\t<ul class=\"elementor-icon-list-items\">\n\t\t\t\t\t\t\t<li class=\"elementor-icon-list-item\">\n\t\t\t\t\t\t\t\t\t\t\t<span class=\"elementor-icon-list-icon\">\n\t\t\t\t\t\t\t<i aria-hidden=\"true\" class=\"fas fa-check\"><\/i>\t\t\t\t\t\t<\/span>\n\t\t\t\t\t\t\t\t\t\t<span class=\"elementor-icon-list-text\">A\u011f\u0131z i\u00e7i mantar enfeksiyonlar\u0131<\/span>\n\t\t\t\t\t\t\t\t\t<\/li>\n\t\t\t\t\t\t\t\t<li class=\"elementor-icon-list-item\">\n\t\t\t\t\t\t\t\t\t\t\t<span class=\"elementor-icon-list-icon\">\n\t\t\t\t\t\t\t<i aria-hidden=\"true\" class=\"fas fa-check\"><\/i>\t\t\t\t\t\t<\/span>\n\t\t\t\t\t\t\t\t\t\t<span class=\"elementor-icon-list-text\">Di\u015f \u00e7\u00fcr\u00fckleri (oyuklar)<\/span>\n\t\t\t\t\t\t\t\t\t<\/li>\n\t\t\t\t\t\t\t\t<li class=\"elementor-icon-list-item\">\n\t\t\t\t\t\t\t\t\t\t\t<span class=\"elementor-icon-list-icon\">\n\t\t\t\t\t\t\t<i aria-hidden=\"true\" class=\"fas fa-check\"><\/i>\t\t\t\t\t\t<\/span>\n\t\t\t\t\t\t\t\t\t\t<span class=\"elementor-icon-list-text\">Sin\u00fczit<\/span>\n\t\t\t\t\t\t\t\t\t<\/li>\n\t\t\t\t\t\t\t\t<li class=\"elementor-icon-list-item\">\n\t\t\t\t\t\t\t\t\t\t\t<span class=\"elementor-icon-list-icon\">\n\t\t\t\t\t\t\t<i aria-hidden=\"true\" class=\"fas fa-check\"><\/i>\t\t\t\t\t\t<\/span>\n\t\t\t\t\t\t\t\t\t\t<span class=\"elementor-icon-list-text\">Bademcik iltihab\u0131<\/span>\n\t\t\t\t\t\t\t\t\t<\/li>\n\t\t\t\t\t\t\t\t<li class=\"elementor-icon-list-item\">\n\t\t\t\t\t\t\t\t\t\t\t<span class=\"elementor-icon-list-icon\">\n\t\t\t\t\t\t\t<i aria-hidden=\"true\" class=\"fas fa-check\"><\/i>\t\t\t\t\t\t<\/span>\n\t\t\t\t\t\t\t\t\t\t<span class=\"elementor-icon-list-text\">Mide ve ba\u011f\u0131rsak sistemleri hastal\u0131klar\u0131<\/span>\n\t\t\t\t\t\t\t\t\t<\/li>\n\t\t\t\t\t\t\t\t<li class=\"elementor-icon-list-item\">\n\t\t\t\t\t\t\t\t\t\t\t<span class=\"elementor-icon-list-icon\">\n\t\t\t\t\t\t\t<i aria-hidden=\"true\" class=\"fas fa-check\"><\/i>\t\t\t\t\t\t<\/span>\n\t\t\t\t\t\t\t\t\t\t<span class=\"elementor-icon-list-text\">Uzun s\u00fcreli a\u00e7l\u0131k<\/span>\n\t\t\t\t\t\t\t\t\t<\/li>\n\t\t\t\t\t\t\t\t<li class=\"elementor-icon-list-item\">\n\t\t\t\t\t\t\t\t\t\t\t<span class=\"elementor-icon-list-icon\">\n\t\t\t\t\t\t\t<i aria-hidden=\"true\" class=\"fas fa-check\"><\/i>\t\t\t\t\t\t<\/span>\n\t\t\t\t\t\t\t\t\t\t<span class=\"elementor-icon-list-text\">Alkol kullan\u0131m\u0131<\/span>\n\t\t\t\t\t\t\t\t\t<\/li>\n\t\t\t\t\t\t\t\t<li class=\"elementor-icon-list-item\">\n\t\t\t\t\t\t\t\t\t\t\t<span class=\"elementor-icon-list-icon\">\n\t\t\t\t\t\t\t<i aria-hidden=\"true\" class=\"fas fa-check\"><\/i>\t\t\t\t\t\t<\/span>\n\t\t\t\t\t\t\t\t\t\t<span class=\"elementor-icon-list-text\">Sigara ve t\u00fct\u00fcn \u00fcr\u00fcnleri<\/span>\n\t\t\t\t\t\t\t\t\t<\/li>\n\t\t\t\t\t\t\t\t<li class=\"elementor-icon-list-item\">\n\t\t\t\t\t\t\t\t\t\t\t<span class=\"elementor-icon-list-icon\">\n\t\t\t\t\t\t\t<i aria-hidden=\"true\" class=\"fas fa-check\"><\/i>\t\t\t\t\t\t<\/span>\n\t\t\t\t\t\t\t\t\t\t<span class=\"elementor-icon-list-text\">A\u011f\u0131z kurulu\u011fu<\/span>\n\t\t\t\t\t\t\t\t\t<\/li>\n\t\t\t\t\t\t\t\t<li class=\"elementor-icon-list-item\">\n\t\t\t\t\t\t\t\t\t\t\t<span class=\"elementor-icon-list-icon\">\n\t\t\t\t\t\t\t<i aria-hidden=\"true\" class=\"fas fa-check\"><\/i>\t\t\t\t\t\t<\/span>\n\t\t\t\t\t\t\t\t\t\t<span class=\"elementor-icon-list-text\">Diyabet<\/span>\n\t\t\t\t\t\t\t\t\t<\/li>\n\t\t\t\t\t\t\t\t<li class=\"elementor-icon-list-item\">\n\t\t\t\t\t\t\t\t\t\t\t<span class=\"elementor-icon-list-icon\">\n\t\t\t\t\t\t\t<i aria-hidden=\"true\" class=\"fas fa-check\"><\/i>\t\t\t\t\t\t<\/span>\n\t\t\t\t\t\t\t\t\t\t<span class=\"elementor-icon-list-text\">B\u00f6brek rahats\u0131zl\u0131klar\u0131<\/span>\n\t\t\t\t\t\t\t\t\t<\/li>\n\t\t\t\t\t\t\t\t<li class=\"elementor-icon-list-item\">\n\t\t\t\t\t\t\t\t\t\t\t<span class=\"elementor-icon-list-icon\">\n\t\t\t\t\t\t\t<i aria-hidden=\"true\" class=\"fas fa-check\"><\/i>\t\t\t\t\t\t<\/span>\n\t\t\t\t\t\t\t\t\t\t<span class=\"elementor-icon-list-text\">Burun ve burun eti rahats\u0131zl\u0131klar\u0131 say\u0131labilir.<\/span>\n\t\t\t\t\t\t\t\t\t<\/li>\n\t\t\t\t\t\t<\/ul>\n\t\t\t\t<\/div>\n\t\t\t\t<\/div>\n\t\t\t\t<div class=\"elementor-element elementor-element-6532043 elementor-widget elementor-widget-heading\" data-id=\"6532043\" data-element_type=\"widget\" data-widget_type=\"heading.default\">\n\t\t\t\t<div class=\"elementor-widget-container\">\n\t\t\t<h2 class=\"elementor-heading-title elementor-size-small\">Belirtiler<\/h2>\t\t<\/div>\n\t\t\t\t<\/div>\n\t\t\t\t<div class=\"elementor-element elementor-element-bcf1f9e elementor-widget elementor-widget-heading\" data-id=\"bcf1f9e\" data-element_type=\"widget\" data-widget_type=\"heading.default\">\n\t\t\t\t<div class=\"elementor-widget-container\">\n\t\t\t<h2 class=\"elementor-heading-title elementor-size-small\">A\u011f\u0131z kokusu bir hastal\u0131k olmamakla beraber bir\u00e7ok hastal\u0131\u011f\u0131n belirtisidir. Fizyolojik olarak yedi\u011finiz yeme\u011fe g\u00f6re olu\u015fabilen a\u011f\u0131z kokular\u0131 normal olarak kabul edilir. Bir de patolojik durumlardan meydana gelen a\u011f\u0131z kokular\u0131 bulunmaktad\u0131r. Bunlar;<\/h2>\t\t<\/div>\n\t\t\t\t<\/div>\n\t\t\t\t<div class=\"elementor-element elementor-element-cf617d0 elementor-icon-list--layout-traditional elementor-list-item-link-full_width elementor-widget elementor-widget-icon-list\" data-id=\"cf617d0\" data-element_type=\"widget\" data-widget_type=\"icon-list.default\">\n\t\t\t\t<div class=\"elementor-widget-container\">\n\t\t\t\t\t<ul class=\"elementor-icon-list-items\">\n\t\t\t\t\t\t\t<li class=\"elementor-icon-list-item\">\n\t\t\t\t\t\t\t\t\t\t\t<span class=\"elementor-icon-list-icon\">\n\t\t\t\t\t\t\t<i aria-hidden=\"true\" class=\"fas fa-check\"><\/i>\t\t\t\t\t\t<\/span>\n\t\t\t\t\t\t\t\t\t\t<span class=\"elementor-icon-list-text\">Di\u015f \u00e7\u00fcr\u00fckleri<\/span>\n\t\t\t\t\t\t\t\t\t<\/li>\n\t\t\t\t\t\t\t\t<li class=\"elementor-icon-list-item\">\n\t\t\t\t\t\t\t\t\t\t\t<span class=\"elementor-icon-list-icon\">\n\t\t\t\t\t\t\t<i aria-hidden=\"true\" class=\"fas fa-check\"><\/i>\t\t\t\t\t\t<\/span>\n\t\t\t\t\t\t\t\t\t\t<span class=\"elementor-icon-list-text\">Sin\u00fczit<\/span>\n\t\t\t\t\t\t\t\t\t<\/li>\n\t\t\t\t\t\t\t\t<li class=\"elementor-icon-list-item\">\n\t\t\t\t\t\t\t\t\t\t\t<span class=\"elementor-icon-list-icon\">\n\t\t\t\t\t\t\t<i aria-hidden=\"true\" class=\"fas fa-check\"><\/i>\t\t\t\t\t\t<\/span>\n\t\t\t\t\t\t\t\t\t\t<span class=\"elementor-icon-list-text\">Faranjit<\/span>\n\t\t\t\t\t\t\t\t\t<\/li>\n\t\t\t\t\t\t\t\t<li class=\"elementor-icon-list-item\">\n\t\t\t\t\t\t\t\t\t\t\t<span class=\"elementor-icon-list-icon\">\n\t\t\t\t\t\t\t<i aria-hidden=\"true\" class=\"fas fa-check\"><\/i>\t\t\t\t\t\t<\/span>\n\t\t\t\t\t\t\t\t\t\t<span class=\"elementor-icon-list-text\">Geniz eti gibi bo\u011faz hastal\u0131klar\u0131<\/span>\n\t\t\t\t\t\t\t\t\t<\/li>\n\t\t\t\t\t\t\t\t<li class=\"elementor-icon-list-item\">\n\t\t\t\t\t\t\t\t\t\t\t<span class=\"elementor-icon-list-icon\">\n\t\t\t\t\t\t\t<i aria-hidden=\"true\" class=\"fas fa-check\"><\/i>\t\t\t\t\t\t<\/span>\n\t\t\t\t\t\t\t\t\t\t<span class=\"elementor-icon-list-text\">Refl\u00fc ve mide rahats\u0131zl\u0131klar\u0131 gibi sindirim sistemi hastal\u0131klar\u0131<\/span>\n\t\t\t\t\t\t\t\t\t<\/li>\n\t\t\t\t\t\t\t\t<li class=\"elementor-icon-list-item\">\n\t\t\t\t\t\t\t\t\t\t\t<span class=\"elementor-icon-list-icon\">\n\t\t\t\t\t\t\t<i aria-hidden=\"true\" class=\"fas fa-check\"><\/i>\t\t\t\t\t\t<\/span>\n\t\t\t\t\t\t\t\t\t\t<span class=\"elementor-icon-list-text\">\u015eeker hastal\u0131\u011f\u0131<\/span>\n\t\t\t\t\t\t\t\t\t<\/li>\n\t\t\t\t\t\t\t\t<li class=\"elementor-icon-list-item\">\n\t\t\t\t\t\t\t\t\t\t\t<span class=\"elementor-icon-list-icon\">\n\t\t\t\t\t\t\t<i aria-hidden=\"true\" class=\"fas fa-check\"><\/i>\t\t\t\t\t\t<\/span>\n\t\t\t\t\t\t\t\t\t\t<span class=\"elementor-icon-list-text\">Karaci\u011fer yetmezli\u011fi<\/span>\n\t\t\t\t\t\t\t\t\t<\/li>\n\t\t\t\t\t\t\t\t<li class=\"elementor-icon-list-item\">\n\t\t\t\t\t\t\t\t\t\t\t<span class=\"elementor-icon-list-icon\">\n\t\t\t\t\t\t\t<i aria-hidden=\"true\" class=\"fas fa-check\"><\/i>\t\t\t\t\t\t<\/span>\n\t\t\t\t\t\t\t\t\t\t<span class=\"elementor-icon-list-text\">B\u00f6brek yetmezli\u011fi gibi sistemik hastal\u0131klar\u0131n belirtisi de olabilir.<\/span>\n\t\t\t\t\t\t\t\t\t<\/li>\n\t\t\t\t\t\t<\/ul>\n\t\t\t\t<\/div>\n\t\t\t\t<\/div>\n\t\t\t\t<div class=\"elementor-element elementor-element-cccd8bd elementor-widget elementor-widget-heading\" data-id=\"cccd8bd\" data-element_type=\"widget\" data-widget_type=\"heading.default\">\n\t\t\t\t<div class=\"elementor-widget-container\">\n\t\t\t<h2 class=\"elementor-heading-title elementor-size-small\">\u00d6zellikle \u015feker hastalar\u0131ndaki aseton-meyve kokusuna benzer a\u011f\u0131z kokusu ile b\u00f6brek hastal\u0131klar\u0131nda ortaya \u00e7\u0131kan amonyak benzeri a\u011f\u0131z kokusu olduk\u00e7a karakteristiktir.<\/h2>\t\t<\/div>\n\t\t\t\t<\/div>\n\t\t\t\t<div class=\"elementor-element elementor-element-b18d6e7 elementor-widget elementor-widget-heading\" data-id=\"b18d6e7\" data-element_type=\"widget\" data-widget_type=\"heading.default\">\n\t\t\t\t<div class=\"elementor-widget-container\">\n\t\t\t<h2 class=\"elementor-heading-title elementor-size-small\">Tedavi Y\u00f6ntemleri<\/h2>\t\t<\/div>\n\t\t\t\t<\/div>\n\t\t\t\t<div class=\"elementor-element elementor-element-0b18d96 elementor-widget elementor-widget-heading\" data-id=\"0b18d96\" data-element_type=\"widget\" data-widget_type=\"heading.default\">\n\t\t\t\t<div class=\"elementor-widget-container\">\n\t\t\t<h2 class=\"elementor-heading-title elementor-size-small\">A\u011f\u0131z kokusunun temelinde yatan neden a\u011f\u0131z hijyeninin tam sa\u011flanamamas\u0131 olabilir. Bu durumda di\u015flerin g\u00fcnl\u00fck temizli\u011fini en iyi \u015fekilde ger\u00e7ekle\u015ftirmek ve di\u015f ipi, gargara kullanmak gibi basit y\u00f6ntemler i\u015fe yarayabilmektedir.<br><br>Flor\u00fcrl\u00fc di\u015f macunu kullanarak g\u00fcnde 3 defa ve en az 2 dakika olacak \u015fekilde di\u015fler f\u0131r\u00e7alanmal\u0131, her yemekten sonra, di\u015f aralar\u0131nda kalan yemek art\u0131klar\u0131 di\u015f ipiyle temizlenmeli ve gerekirse antibakteriyel a\u011f\u0131z gargaralar\u0131 kullan\u0131lmal\u0131d\u0131r.<br><br>Di\u015f bak\u0131m\u0131n\u0131n yan\u0131 s\u0131ra, dil \u00fczerinde bulunan bakterileri temizlemek i\u00e7in \u00f6zel olarak \u00fcretilen dil temizleme f\u0131r\u00e7alar\u0131yla g\u00fcn i\u00e7erisinde dilde biriken bakterileri de temizleyebilirsiniz. Protez di\u015f kullan\u0131l\u0131yorsan\u0131z, gece \u00e7\u0131kar\u0131lmal\u0131 ve ertesi g\u00fcn tak\u0131lmadan \u00f6nce iyice temizlemelisiniz.<br><br>G\u00fcn i\u00e7erisinde az su t\u00fcketimi de a\u011f\u0131z kokusuna sebep olabilecek fakt\u00f6rler aras\u0131nda yer almaktad\u0131r. Su i\u00e7imi, t\u00fck\u00fcr\u00fck \u00fcretimini uyar\u0131r ve bu da a\u011f\u0131z i\u00e7inde yer alan bakterilerin temizlenmesine yard\u0131mc\u0131 olur. Ayr\u0131ca ki\u015fi sigara i\u00e7iyorsa, sigaray\u0131 b\u0131rakmakta a\u011f\u0131z kokusunda \u00f6nemli bir rol oynamaktad\u0131r.<br><br>A\u011f\u0131z ve di\u015f sa\u011fl\u0131\u011f\u0131 iyi bak\u0131m\u0131 yap\u0131lmas\u0131na ra\u011fmen a\u011f\u0131r kokusu kaybolmuyorsa o zaman altta yatan di\u011fer sebeplere bak\u0131labilir.<br><br>A\u011f\u0131z kokusu e\u011fer di\u015flerdeki \u00e7\u00fcr\u00fck veya di\u015f etlerindeki enfeksiyon sebebiyle geli\u015fiyorsa, di\u015f hekimi taraf\u0131ndan en uygun tedavi y\u00f6ntemleri uygulanarak a\u011f\u0131z kokusu tedavi edilebilir. Di\u015f ta\u015flar\u0131 da a\u011f\u0131z kokusuna yol a\u00e7an bir di\u011fer fakt\u00f6rler aras\u0131ndad\u0131r ve senede bir defa temizletilmesi gereklidir. Sa\u011fl\u0131kl\u0131 bir ki\u015finin y\u0131lda iki defa a\u011f\u0131z ve di\u015f muayenesi yapt\u0131rmas\u0131 \u00f6nerilmektedir.\n<\/h2>\t\t<\/div>\n\t\t\t\t<\/div>\n\t\t\t\t\t\t<\/div>\n\t\t\t\t\t<\/div>\n\t\t<\/div>\n\t\t\t\t\t\t\t\t<\/div>\n\t\t\t\t\t<\/div>\n\t\t<\/section>\n\t\t\t\t\t\t<\/div>\n\t\t\t\t\t\t<\/div>\n\t\t\t\t\t<\/div>\n\t\t","protected":false},"excerpt":{"rendered":"<p>Genel Tan\u0131t\u0131m Uzun d\u00f6nem ge\u00e7meyen a\u011f\u0131z kokusunun nedenlerinin mutlaka ara\u015ft\u0131r\u0131lmas\u0131 gereklidir. Genellikle sabahlar\u0131 rahats\u0131z edici bir koku olmas\u0131 fizyolojik olarak<\/p>\n","protected":false},"author":1,"featured_media":0,"parent":0,"menu_order":0,"comment_status":"closed","ping_status":"closed","template":"","meta":{"_joinchat":[],"footnotes":""},"class_list":["post-240","page","type-page","status-publish","hentry"],"_links":{"self":[{"href":"https:\/\/gazisehirdis.com\/index.php\/wp-json\/wp\/v2\/pages\/240","targetHints":{"allow":["GET"]}}],"collection":[{"href":"https:\/\/gazisehirdis.com\/index.php\/wp-json\/wp\/v2\/pages"}],"about":[{"href":"https:\/\/gazisehirdis.com\/index.php\/wp-json\/wp\/v2\/types\/page"}],"author":[{"embeddable":true,"href":"https:\/\/gazisehirdis.com\/index.php\/wp-json\/wp\/v2\/users\/1"}],"replies":[{"embeddable":true,"href":"https:\/\/gazisehirdis.com\/index.php\/wp-json\/wp\/v2\/comments?post=240"}],"version-history":[{"count":22,"href":"https:\/\/gazisehirdis.com\/index.php\/wp-json\/wp\/v2\/pages\/240\/revisions"}],"predecessor-version":[{"id":527,"href":"https:\/\/gazisehirdis.com\/index.php\/wp-json\/wp\/v2\/pages\/240\/revisions\/527"}],"wp:attachment":[{"href":"https:\/\/gazisehirdis.com\/index.php\/wp-json\/wp\/v2\/media?parent=240"}],"curies":[{"name":"wp","href":"https:\/\/api.w.org\/{rel}","templated":true}]}}