{"id":265,"date":"2021-05-03T00:58:48","date_gmt":"2021-05-02T21:58:48","guid":{"rendered":"http:\/\/gazisehirdis.com\/?page_id=265"},"modified":"2021-05-08T23:34:18","modified_gmt":"2021-05-08T20:34:18","slug":"kanal-tedavisi-2-2-2","status":"publish","type":"page","link":"https:\/\/gazisehirdis.com\/index.php\/kanal-tedavisi-2-2-2\/","title":{"rendered":"G\u00f6m\u00fcl\u00fc Di\u015f"},"content":{"rendered":"\t\t<div data-elementor-type=\"wp-page\" data-elementor-id=\"265\" class=\"elementor elementor-265\" data-elementor-settings=\"[]\">\n\t\t\t\t\t\t<div class=\"elementor-inner\">\n\t\t\t\t\t\t\t<div class=\"elementor-section-wrap\">\n\t\t\t\t\t\t\t<section class=\"elementor-section elementor-top-section elementor-element elementor-element-0c374b2 elementor-section-full_width elementor-section-height-default elementor-section-height-default\" data-id=\"0c374b2\" data-element_type=\"section\">\n\t\t\t\t\t\t<div class=\"elementor-container elementor-column-gap-default\">\n\t\t\t\t\t\t\t<div class=\"elementor-row\">\n\t\t\t\t\t<div class=\"elementor-column elementor-col-100 elementor-top-column elementor-element elementor-element-a652b45\" data-id=\"a652b45\" data-element_type=\"column\">\n\t\t\t<div class=\"elementor-column-wrap elementor-element-populated\">\n\t\t\t\t\t\t\t<div class=\"elementor-widget-wrap\">\n\t\t\t\t\t\t<div class=\"elementor-element elementor-element-a10275c elementor-widget elementor-widget-heading\" data-id=\"a10275c\" data-element_type=\"widget\" data-widget_type=\"heading.default\">\n\t\t\t\t<div class=\"elementor-widget-container\">\n\t\t\t<h1 class=\"elementor-heading-title elementor-size-large\">G\u00f6m\u00fcl\u00fc Di\u015f Nedir?<\/h1>\t\t<\/div>\n\t\t\t\t<\/div>\n\t\t\t\t<div class=\"elementor-element elementor-element-5ad979b elementor-widget elementor-widget-heading\" data-id=\"5ad979b\" data-element_type=\"widget\" data-widget_type=\"heading.default\">\n\t\t\t\t<div class=\"elementor-widget-container\">\n\t\t\t<h2 class=\"elementor-heading-title elementor-size-small\">G\u00f6m\u00fcl\u00fc di\u015f veya g\u00f6m\u00fck di\u015f a\u011f\u0131zda \u00e7\u0131kmas\u0131 gereken yere \u00e7\u0131kma  vakti ge\u00e7mesine ra\u011fmen \u00e7\u0131kamam\u0131\u015f di\u015flere denir. G\u00f6m\u00fcl\u00fc di\u015flerin  tamam\u0131 \u00e7ene kemi\u011finin i\u00e7inde  kalabilece\u011fi gibi asl\u0131nda do\u011fru yerde olup \u00fczerlerinde sadece yumu\u015fak doku oldu\u011fundan da  g\u00f6r\u00fcnmeyebilirler. Di\u015flerin bir k\u0131sm\u0131n\u0131n a\u011f\u0131zda g\u00f6r\u00fcl\u00fcp kalan k\u0131sm\u0131n di\u015fetinin alt\u0131nda kald\u0131\u011f\u0131 di\u015flere de yar\u0131 g\u00f6m\u00fcl\u00fc di\u015fler denir.<\/h2>\t\t<\/div>\n\t\t\t\t<\/div>\n\t\t\t\t<div class=\"elementor-element elementor-element-523be2e elementor-widget elementor-widget-heading\" data-id=\"523be2e\" data-element_type=\"widget\" data-widget_type=\"heading.default\">\n\t\t\t\t<div class=\"elementor-widget-container\">\n\t\t\t<h2 class=\"elementor-heading-title elementor-size-small\">Di\u015fler neden g\u00f6m\u00fcl\u00fc kal\u0131r?<\/h2>\t\t<\/div>\n\t\t\t\t<\/div>\n\t\t\t\t<div class=\"elementor-element elementor-element-bb0f9ef elementor-widget elementor-widget-heading\" data-id=\"bb0f9ef\" data-element_type=\"widget\" data-widget_type=\"heading.default\">\n\t\t\t\t<div class=\"elementor-widget-container\">\n\t\t\t<h2 class=\"elementor-heading-title elementor-size-small\">Di\u015flerin g\u00f6m\u00fcl\u00fc kalmas\u0131n\u0131 etkileyen bir\u00e7ok fakt\u00f6r vard\u0131r. Bu sebeplerin bazen bir tanesi,  bazen birden fazlas\u0131  ayn\u0131 anda etkili olabilir. Di\u015flerin g\u00f6m\u00fcl\u00fc kalma sebepleri  aras\u0131nda genetik fakt\u00f6rler, kom\u015fu di\u015flerin yer de\u011fi\u015ftirerek  di\u015fin \u00f6n\u00fcn\u00fc kapatmas\u0131, \u00e7ene darl\u0131\u011f\u0131ndan dolay\u0131 a\u011f\u0131zda yer olmamas\u0131, s\u00fcrme zaman\u0131 gelen di\u015flerin \u00fczerinde yer alan s\u00fct di\u015flerinin tedavi edilmeyen \u00e7\u00fcr\u00fcklerinden dolay\u0131 altlar\u0131nda olu\u015fan enfeksiyonun  (iltihap) s\u00fcrmeyi etkilemesi  say\u0131labilir.<\/h2>\t\t<\/div>\n\t\t\t\t<\/div>\n\t\t\t\t<div class=\"elementor-element elementor-element-bd8ef02 elementor-widget elementor-widget-heading\" data-id=\"bd8ef02\" data-element_type=\"widget\" data-widget_type=\"heading.default\">\n\t\t\t\t<div class=\"elementor-widget-container\">\n\t\t\t<h2 class=\"elementor-heading-title elementor-size-small\">Hangi di\u015fler daha \u00e7ok g\u00f6m\u00fcl\u00fc kal\u0131r?<\/h2>\t\t<\/div>\n\t\t\t\t<\/div>\n\t\t\t\t<div class=\"elementor-element elementor-element-beb71b2 elementor-widget elementor-widget-heading\" data-id=\"beb71b2\" data-element_type=\"widget\" data-widget_type=\"heading.default\">\n\t\t\t\t<div class=\"elementor-widget-container\">\n\t\t\t<h2 class=\"elementor-heading-title elementor-size-small\">Hangi di\u015flerin g\u00f6m\u00fcl\u00fc kalaca\u011f\u0131 bireyden bireye de\u011fi\u015fmekle birlikte s\u0131kl\u0131kla alt yirmi ya\u015f di\u015fi, \u00fcst yirmi ya\u015f di\u015fi ve 3. kesici di\u015fler (, k\u00f6pek di\u015fleri) en \u00e7ok g\u00f6m\u00fcl\u00fc kalan di\u015flerdir. Di\u011fer di\u015flerinde g\u00f6m\u00fck kald\u0131\u011f\u0131 vakalar mevcuttur.<\/h2>\t\t<\/div>\n\t\t\t\t<\/div>\n\t\t\t\t<div class=\"elementor-element elementor-element-40656c4 elementor-widget elementor-widget-heading\" data-id=\"40656c4\" data-element_type=\"widget\" data-widget_type=\"heading.default\">\n\t\t\t\t<div class=\"elementor-widget-container\">\n\t\t\t<h2 class=\"elementor-heading-title elementor-size-small\">Her g\u00f6m\u00fcl\u00fc di\u015fin tedavi edilmesi gerekli midir?<\/h2>\t\t<\/div>\n\t\t\t\t<\/div>\n\t\t\t\t<div class=\"elementor-element elementor-element-2c87602 elementor-widget elementor-widget-heading\" data-id=\"2c87602\" data-element_type=\"widget\" data-widget_type=\"heading.default\">\n\t\t\t\t<div class=\"elementor-widget-container\">\n\t\t\t<h2 class=\"elementor-heading-title elementor-size-small\">Hay\u0131r. G\u00f6m\u00fcl\u00fc kalan di\u015flerin tedavisi  i\u00e7in ilgili di\u015fin yaratt\u0131\u011f\u0131 ve\/veya yaratabilece\u011fi sorun analiz edildikten sonra tedavi se\u00e7enekleri de\u011ferlendirilir. G\u00f6m\u00fcl\u00fc veya yar\u0131 g\u00f6m\u00fck olan di\u015fin kendisi veya \u00f6ndeki di\u015fin \u00e7\u00fcr\u00fcmesi ve tedavi edilmesinde sorun olabilece\u011fi durumlarda, \u00f6zellikle yar\u0131 g\u00f6m\u00fck di\u015flerde di\u015fetinin alt\u0131na giren g\u0131dalar\u0131n temizlenememesine ba\u011fl\u0131 di\u015feti enfeksiyonu geli\u015fti\u011finde, di\u015flerin yer darl\u0131\u011f\u0131 veya \u00e7\u0131kmaya \u00e7al\u0131\u015f\u0131rken yaratt\u0131\u011f\u0131 bas\u0131n\u00e7 a\u011fr\u0131s\u0131 varl\u0131\u011f\u0131nda, ortodontik tedavi s\u0131ras\u0131nda yer darl\u0131\u011f\u0131 durumlar\u0131nda di\u015fin s\u00fcrd\u00fcr\u00fclmesi m\u00fcmk\u00fcn veya gerekli de\u011filse, protez yap\u0131lacak hastalarda mevcut g\u00f6m\u00fck di\u015fler protez alan\u0131nda ise, g\u00f6m\u00fcl\u00fc di\u015flerin etraf\u0131nda olu\u015fan kistlerin varl\u0131\u011f\u0131nda hi\u00e7 vakit kaybetmeden g\u00f6m\u00fcl\u00fc di\u015fler al\u0131n\u0131r.  <\/h2>\t\t<\/div>\n\t\t\t\t<\/div>\n\t\t\t\t<div class=\"elementor-element elementor-element-6b8b097 elementor-widget elementor-widget-heading\" data-id=\"6b8b097\" data-element_type=\"widget\" data-widget_type=\"heading.default\">\n\t\t\t\t<div class=\"elementor-widget-container\">\n\t\t\t<h2 class=\"elementor-heading-title elementor-size-small\">G\u00f6m\u00fcl\u00fc di\u015fler nas\u0131l al\u0131n\u0131r (\u00e7ekilir)?<\/h2>\t\t<\/div>\n\t\t\t\t<\/div>\n\t\t\t\t<div class=\"elementor-element elementor-element-b675391 elementor-widget elementor-widget-heading\" data-id=\"b675391\" data-element_type=\"widget\" data-widget_type=\"heading.default\">\n\t\t\t\t<div class=\"elementor-widget-container\">\n\t\t\t<h2 class=\"elementor-heading-title elementor-size-small\">G\u00f6m\u00fcl\u00fc di\u015fler di\u015fin konumuna, di\u011fer di\u015flere etkilerine, kemik i\u00e7erisindeki seviyelerine, di\u015fin geli\u015fimsel bir \u015fekli bozuklu\u011fu olup olmad\u0131\u011f\u0131na, etraf dokuda yaratt\u0131\u011f\u0131\/yaratabilece\u011fi hasara g\u00f6re lokal anestezi(b\u00f6lgesel uyu\u015fma) alt\u0131nda al\u0131n\u0131r. G\u00f6m\u00fcl\u00fc di\u015flerin al\u0131nmas\u0131 i\u00e7in en uygun zaman herhangi bir belirti g\u00f6stermedi\u011fi yani akut enfeksiyon durumunun olmad\u0131\u011f\u0131 tercihen iyile\u015fme kapasitesinin daha iyi oldu\u011fu gen\u00e7 ya\u015flard\u0131r. \u015eiddetli a\u011fr\u0131, \u015fi\u015flik gibi aktif iltihap belirtileri varsa antibiyotik, a\u011fr\u0131 kesici gibi ila\u00e7larda tablo bask\u0131lan\u0131p sonras\u0131nda al\u0131m\u0131 uygundur.<\/h2>\t\t<\/div>\n\t\t\t\t<\/div>\n\t\t\t\t<div class=\"elementor-element elementor-element-743ff0d elementor-widget elementor-widget-heading\" data-id=\"743ff0d\" data-element_type=\"widget\" data-widget_type=\"heading.default\">\n\t\t\t\t<div class=\"elementor-widget-container\">\n\t\t\t<h2 class=\"elementor-heading-title elementor-size-small\">G\u00f6m\u00fcl\u00fc di\u015fler al\u0131nd\u0131ktan sonra a\u011fr\u0131, \u015fi\u015flik, morarma olur mu?<\/h2>\t\t<\/div>\n\t\t\t\t<\/div>\n\t\t\t\t<div class=\"elementor-element elementor-element-1c5e20a elementor-widget elementor-widget-heading\" data-id=\"1c5e20a\" data-element_type=\"widget\" data-widget_type=\"heading.default\">\n\t\t\t\t<div class=\"elementor-widget-container\">\n\t\t\t<h2 class=\"elementor-heading-title elementor-size-small\">G\u00f6m\u00fcl\u00fc di\u015fler al\u0131nd\u0131ktan sonra operasyon s\u0131ras\u0131nda \u00e7evre kemik dokulara bask\u0131 olu\u015fturuldu\u011fundan dolay\u0131 \u015fi\u015flik, a\u011fr\u0131 ve morarma olabilir. Bu gibi durumlar normal iyile\u015fme s\u00fcreci olarak kabul edilse bile her durumda mutlaka operasyonu ger\u00e7ekle\u015ftiren doktorunuza dan\u0131\u015f\u0131lmal\u0131 gerekirse kontrol randevusu talep edilmelidir. Genelde olu\u015fabilecek sorunlar doktora dan\u0131\u015f\u0131ld\u0131\u011f\u0131nda kolayca halledilebilecek komplikasyonlar\u0131n nas\u0131lsa normaldir denerek atland\u0131\u011f\u0131 durumlarda ortaya \u00e7\u0131kar. Olu\u015fabilecek \u015fi\u015fli\u011fi en az seviyede tutmak i\u00e7in doktorunuzun \u00f6nerdi\u011fi \u015fekil  ve s\u00fcrede buz kompres uygulanmal\u0131, a\u011fr\u0131lar i\u00e7in ise verilen ila\u00e7lar d\u00fczg\u00fcn doz ve saatte al\u0131nmal\u0131d\u0131r.<\/h2>\t\t<\/div>\n\t\t\t\t<\/div>\n\t\t\t\t<div class=\"elementor-element elementor-element-d1f2167 elementor-widget elementor-widget-heading\" data-id=\"d1f2167\" data-element_type=\"widget\" data-widget_type=\"heading.default\">\n\t\t\t\t<div class=\"elementor-widget-container\">\n\t\t\t<h2 class=\"elementor-heading-title elementor-size-small\">G\u00f6m\u00fcl\u00fc di\u015fler al\u0131nd\u0131ktan sonra nelere dikkat edilmelidir?<\/h2>\t\t<\/div>\n\t\t\t\t<\/div>\n\t\t\t\t<div class=\"elementor-element elementor-element-12f8d69 elementor-widget elementor-widget-heading\" data-id=\"12f8d69\" data-element_type=\"widget\" data-widget_type=\"heading.default\">\n\t\t\t\t<div class=\"elementor-widget-container\">\n\t\t\t<h2 class=\"elementor-heading-title elementor-size-small\">G\u00f6m\u00fcl\u00fc di\u015fler al\u0131nd\u0131ktan sonra hasta taraf\u0131ndan uygulanacak bak\u0131m en az operasyon kadar \u00f6nemlidir. Yara yerini korumak ad\u0131na ilk 24 saat di\u011fer tarafla yemek yenmelidir. A\u011fz\u0131n\u0131za yerle\u015ftirilen tamponu 30 dk sonra \u00e7\u0131kartmal\u0131 ve aksi s\u00f6ylenmedi\u011fi s\u00fcrece yerine hi\u00e7bir \u015fey koyulmamal\u0131d\u0131r. \u0130\u015flemi takiben 2 saat s\u00fcre ile bir \u015fey yiyip i\u00e7memeli, sonras\u0131nda ise \u0131l\u0131k ve yumu\u015fak \u015feyler yenmelidir. En az 12-24 saat s\u00fcre ile sigara i\u00e7ilmemelidir. 48 saat i\u00e7ine s\u0131z\u0131nt\u0131 \u015feklinde kanama olmas\u0131, a\u011fz\u0131n\u0131zda kan kokusu ya da kan tad\u0131 hissedilmesi do\u011fal olmakla birlikte \u015f\u00fcphelenilen her durumda doktorunuza ba\u015fvurunuz. Cerrahi i\u015flemden sonra \u015fi\u015flik olmas\u0131 normaldir. \u0130lk 24 saat i\u00e7inde buz torbas\u0131 arac\u0131l\u0131\u011f\u0131 ile d\u0131\u015far\u0131dan operasyon b\u00f6lgesine so\u011fuk kompres uygulanmal\u0131d\u0131r. Doktorunuz taraf\u0131ndan size \u00f6nerilen ila\u00e7lar zaman\u0131nda, aksatmadan ve anlat\u0131lan \u015fekliyle kullan\u0131lmal\u0131d\u0131r. Diki\u015fler operasyon g\u00fcn\u00fcn\u00fc takiben 7. g\u00fcn\u00fcnde ald\u0131r\u0131lmal\u0131d\u0131r. Kan suland\u0131r\u0131c\u0131 herhangi bir ila\u00e7 aspirin dahil kullan\u0131lmamal\u0131d\u0131r. G\u00f6m\u00fcl\u00fc di\u015finizin \u00e7ekiminden sonra beklenmeyen bir kanama, \u015fi\u015flik ve a\u011fr\u0131 olmas\u0131 halinde doktorunuza ba\u015fvurunuz.<\/h2>\t\t<\/div>\n\t\t\t\t<\/div>\n\t\t\t\t\t\t<\/div>\n\t\t\t\t\t<\/div>\n\t\t<\/div>\n\t\t\t\t\t\t\t\t<\/div>\n\t\t\t\t\t<\/div>\n\t\t<\/section>\n\t\t\t\t\t\t<\/div>\n\t\t\t\t\t\t<\/div>\n\t\t\t\t\t<\/div>\n\t\t","protected":false},"excerpt":{"rendered":"<p>G\u00f6m\u00fcl\u00fc Di\u015f Nedir? G\u00f6m\u00fcl\u00fc di\u015f veya g\u00f6m\u00fck di\u015f a\u011f\u0131zda \u00e7\u0131kmas\u0131 gereken yere \u00e7\u0131kma vakti ge\u00e7mesine ra\u011fmen \u00e7\u0131kamam\u0131\u015f di\u015flere denir. G\u00f6m\u00fcl\u00fc<\/p>\n","protected":false},"author":1,"featured_media":0,"parent":0,"menu_order":0,"comment_status":"closed","ping_status":"closed","template":"","meta":{"_joinchat":[],"footnotes":""},"class_list":["post-265","page","type-page","status-publish","hentry"],"_links":{"self":[{"href":"https:\/\/gazisehirdis.com\/index.php\/wp-json\/wp\/v2\/pages\/265","targetHints":{"allow":["GET"]}}],"collection":[{"href":"https:\/\/gazisehirdis.com\/index.php\/wp-json\/wp\/v2\/pages"}],"about":[{"href":"https:\/\/gazisehirdis.com\/index.php\/wp-json\/wp\/v2\/types\/page"}],"author":[{"embeddable":true,"href":"https:\/\/gazisehirdis.com\/index.php\/wp-json\/wp\/v2\/users\/1"}],"replies":[{"embeddable":true,"href":"https:\/\/gazisehirdis.com\/index.php\/wp-json\/wp\/v2\/comments?post=265"}],"version-history":[{"count":7,"href":"https:\/\/gazisehirdis.com\/index.php\/wp-json\/wp\/v2\/pages\/265\/revisions"}],"predecessor-version":[{"id":358,"href":"https:\/\/gazisehirdis.com\/index.php\/wp-json\/wp\/v2\/pages\/265\/revisions\/358"}],"wp:attachment":[{"href":"https:\/\/gazisehirdis.com\/index.php\/wp-json\/wp\/v2\/media?parent=265"}],"curies":[{"name":"wp","href":"https:\/\/api.w.org\/{rel}","templated":true}]}}