{"id":275,"date":"2021-05-03T01:05:12","date_gmt":"2021-05-02T22:05:12","guid":{"rendered":"http:\/\/gazisehirdis.com\/?page_id=275"},"modified":"2021-05-08T23:35:13","modified_gmt":"2021-05-08T20:35:13","slug":"kanal-tedavisi-2-3-3-2-3","status":"publish","type":"page","link":"https:\/\/gazisehirdis.com\/index.php\/kanal-tedavisi-2-3-3-2-3\/","title":{"rendered":"Oral Diagnoz ve Radyoloji"},"content":{"rendered":"\t\t<div data-elementor-type=\"wp-page\" data-elementor-id=\"275\" class=\"elementor elementor-275\" data-elementor-settings=\"[]\">\n\t\t\t\t\t\t<div class=\"elementor-inner\">\n\t\t\t\t\t\t\t<div class=\"elementor-section-wrap\">\n\t\t\t\t\t\t\t<section class=\"elementor-section elementor-top-section elementor-element elementor-element-0c374b2 elementor-section-full_width elementor-section-height-default elementor-section-height-default\" data-id=\"0c374b2\" data-element_type=\"section\">\n\t\t\t\t\t\t<div class=\"elementor-container elementor-column-gap-default\">\n\t\t\t\t\t\t\t<div class=\"elementor-row\">\n\t\t\t\t\t<div class=\"elementor-column elementor-col-100 elementor-top-column elementor-element elementor-element-a652b45\" data-id=\"a652b45\" data-element_type=\"column\">\n\t\t\t<div class=\"elementor-column-wrap elementor-element-populated\">\n\t\t\t\t\t\t\t<div class=\"elementor-widget-wrap\">\n\t\t\t\t\t\t<div class=\"elementor-element elementor-element-27833b1 elementor-widget elementor-widget-heading\" data-id=\"27833b1\" data-element_type=\"widget\" data-widget_type=\"heading.default\">\n\t\t\t\t<div class=\"elementor-widget-container\">\n\t\t\t<h1 class=\"elementor-heading-title elementor-size-medium\">Oral Diagnoz ve Radyoloji<\/h1>\t\t<\/div>\n\t\t\t\t<\/div>\n\t\t\t\t<div class=\"elementor-element elementor-element-5ad979b elementor-widget elementor-widget-heading\" data-id=\"5ad979b\" data-element_type=\"widget\" data-widget_type=\"heading.default\">\n\t\t\t\t<div class=\"elementor-widget-container\">\n\t\t\t<h2 class=\"elementor-heading-title elementor-size-small\">Oral diagnoz, di\u015f hekimli\u011finde a\u011f\u0131z hastal\u0131klar\u0131n\u0131n ve a\u011f\u0131zda belirti veren sistemik hastal\u0131klar\u0131n te\u015fhisi ve tedavi planlamas\u0131n\u0131 \u00fcstlenmi\u015f ana bilim dal\u0131d\u0131r. A\u011f\u0131z i\u00e7inde sadece \u00e7\u00fcr\u00fck di\u015fler ve iltihapl\u0131 di\u015f etleri kar\u015f\u0131m\u0131za \u00e7\u0131kmaz.<br><br>T\u00fcm d\u00fcnyada kabul edildi\u011fi gibi \u00e7ene kemikleri ve eklemi, t\u00fckr\u00fck bezleri, dil ve a\u011f\u0131z i\u00e7inde g\u00f6r\u00fclen t\u00fcm yumu\u015fak dokular\u0131n hastal\u0131klar\u0131 di\u015f hekimli\u011fini ilgilendiren konulard\u0131r. Bu yap\u0131 ve dokular k\u00fc\u00e7\u00fck bir alan\u0131 kapsamakla birlikte, anatomik olarak karma\u015f\u0131k bir yap\u0131 olu\u015ftururlar. Bir\u00e7ok sistemik hastal\u0131k da a\u011f\u0131z i\u00e7inde \u00f6nemli belirtiler g\u00f6stermektedir. \u00d6rne\u011fin, \u015feker hastal\u0131\u011f\u0131nda di\u015f eti hastal\u0131\u011f\u0131 \u00e7ok \u00e7abuk ilerler.<br><br>Yine a\u011f\u0131z i\u00e7inde s\u0131k ve \u00e7ok say\u0131da \u00e7\u0131kan aftlar, beh\u00e7et hastal\u0131\u011f\u0131n\u0131n ilk belirtileri olabilir. \u0130\u015fte bu nedenlerle a\u011f\u0131z i\u00e7i hastal\u0131klar\u0131n te\u015fhisi ve tedavi planlamas\u0131 ile ilgili ayr\u0131 bir ana bilim dal\u0131 do\u011fmas\u0131 gerekmi\u015ftir ve Oral Diagnoz ve Radyoloji bu g\u00f6revi \u00fcstlenmi\u015ftir.<\/h2>\t\t<\/div>\n\t\t\t\t<\/div>\n\t\t\t\t\t\t<\/div>\n\t\t\t\t\t<\/div>\n\t\t<\/div>\n\t\t\t\t\t\t\t\t<\/div>\n\t\t\t\t\t<\/div>\n\t\t<\/section>\n\t\t\t\t<section class=\"elementor-section elementor-top-section elementor-element elementor-element-57e5cb7 elementor-section-full_width elementor-section-height-default elementor-section-height-default\" data-id=\"57e5cb7\" data-element_type=\"section\">\n\t\t\t\t\t\t<div class=\"elementor-container elementor-column-gap-default\">\n\t\t\t\t\t\t\t<div class=\"elementor-row\">\n\t\t\t\t\t<div class=\"elementor-column elementor-col-100 elementor-top-column elementor-element elementor-element-9d9d4b9\" data-id=\"9d9d4b9\" data-element_type=\"column\">\n\t\t\t<div class=\"elementor-column-wrap elementor-element-populated\">\n\t\t\t\t\t\t\t<div class=\"elementor-widget-wrap\">\n\t\t\t\t\t\t<div class=\"elementor-element elementor-element-d59d6b9 elementor-widget elementor-widget-heading\" data-id=\"d59d6b9\" data-element_type=\"widget\" data-widget_type=\"heading.default\">\n\t\t\t\t<div class=\"elementor-widget-container\">\n\t\t\t<h2 class=\"elementor-heading-title elementor-size-small\">Di\u015f Filmleri<\/h2>\t\t<\/div>\n\t\t\t\t<\/div>\n\t\t\t\t<div class=\"elementor-element elementor-element-d98a93b elementor-widget elementor-widget-heading\" data-id=\"d98a93b\" data-element_type=\"widget\" data-widget_type=\"heading.default\">\n\t\t\t\t<div class=\"elementor-widget-container\">\n\t\t\t<h2 class=\"elementor-heading-title elementor-size-small\">A\u011f\u0131z i\u00e7i hastal\u0131klar\u0131n\u0131n, \u00f6zellikle di\u015f ve \u00e7ene kemi\u011fi gibi sert doku ile ilgili olanlar\u0131n te\u015fhisinde en b\u00fcy\u00fck yard\u0131mc\u0131m\u0131z dental radyografiler yani di\u015f filmleridir.<br><br>Di\u015f filmlerinin de en \u00e7ok kullan\u0131lan iki tipi periapikal (2-3 di\u015fi g\u00f6steren k\u00fc\u00e7\u00fck filmler) ve panoramik filmlerdir (alt ve \u00fcst t\u00fcm di\u015fleri ve \u00e7ene kemiklerinin tamam\u0131n\u0131 g\u00f6sterebilen b\u00fcy\u00fck filmler).<br><br>Bilgisayar destekli bir teknik olan dijital radyografi cihazlar\u0131 da \u00e7ok d\u00fc\u015f\u00fck radyasyon dozu kullanarak film g\u00f6r\u00fcnt\u00fcs\u00fc \u00fczerinde renk ve \u0131\u015f\u0131k oynamalar\u0131 yapmaya imkan k\u0131larak ayr\u0131nt\u0131l\u0131 de\u011ferlendirme yapmam\u0131za olanak tan\u0131r. Bunlar\u0131n yan\u0131nda \u00f6zellikle implant uygulamalar\u0131nda ve eklem hastal\u0131klar\u0131n\u0131n te\u015fhisinde MR ve BT de yard\u0131mc\u0131 olarak istenebilecek filmlerdir.<\/h2>\t\t<\/div>\n\t\t\t\t<\/div>\n\t\t\t\t\t\t<\/div>\n\t\t\t\t\t<\/div>\n\t\t<\/div>\n\t\t\t\t\t\t\t\t<\/div>\n\t\t\t\t\t<\/div>\n\t\t<\/section>\n\t\t\t\t<section class=\"elementor-section elementor-top-section elementor-element elementor-element-4eedd42 elementor-section-full_width elementor-section-height-default elementor-section-height-default\" data-id=\"4eedd42\" data-element_type=\"section\">\n\t\t\t\t\t\t<div class=\"elementor-container elementor-column-gap-default\">\n\t\t\t\t\t\t\t<div class=\"elementor-row\">\n\t\t\t\t\t<div class=\"elementor-column elementor-col-100 elementor-top-column elementor-element elementor-element-8426806\" data-id=\"8426806\" data-element_type=\"column\">\n\t\t\t<div class=\"elementor-column-wrap elementor-element-populated\">\n\t\t\t\t\t\t\t<div class=\"elementor-widget-wrap\">\n\t\t\t\t\t\t<div class=\"elementor-element elementor-element-b9b282e elementor-widget elementor-widget-heading\" data-id=\"b9b282e\" data-element_type=\"widget\" data-widget_type=\"heading.default\">\n\t\t\t\t<div class=\"elementor-widget-container\">\n\t\t\t<h2 class=\"elementor-heading-title elementor-size-small\">Te\u015fhis ve Tedavi<\/h2>\t\t<\/div>\n\t\t\t\t<\/div>\n\t\t\t\t<div class=\"elementor-element elementor-element-7da1f68 elementor-widget elementor-widget-heading\" data-id=\"7da1f68\" data-element_type=\"widget\" data-widget_type=\"heading.default\">\n\t\t\t\t<div class=\"elementor-widget-container\">\n\t\t\t<h2 class=\"elementor-heading-title elementor-size-small\">T\u00fcm bu y\u00f6ntemlerle ancak 1\/3\u2019\u00fc a\u011f\u0131z i\u00e7inde g\u00f6r\u00fclebilen di\u015f yap\u0131s\u0131n\u0131n kalan 2\/3\u2019l\u00fck b\u00f6l\u00fcm\u00fcn\u00fc ve \u00e7ene kemi\u011fi i\u00e7inde kalan iltihabi olu\u015fumlar ve g\u00f6m\u00fcl\u00fc di\u015f gibi yap\u0131lar\u0131 rahatl\u0131kla g\u00f6r\u00fcp te\u015fhis edebiliriz.<br><br>\u0130yi bir te\u015fhis de do\u011fru tedavi planlamas\u0131n\u0131n yap\u0131labilmesini sa\u011flar. B\u00f6ylelikle gerekli t\u00fcm tedavi ihtiya\u00e7lar\u0131 erken te\u015fhis edilir ve ileride daha b\u00fcy\u00fck sorunlar olu\u015fmas\u0131 \u00f6nlenir. Hastalar\u0131n ilk kay\u0131tlar\u0131 al\u0131nd\u0131ktan sonra, muayeneleri ayr\u0131nt\u0131l\u0131 olarak yap\u0131lmaktad\u0131r.<br><br>Daha sonra tedavi ihtiya\u00e7lar\u0131na uygun olarak di\u015f filmlerinden bir veya birka\u00e7\u0131 al\u0131nmakta ve t\u00fcm tedavi planlamas\u0131 tespit edilmektedir. <\/h2>\t\t<\/div>\n\t\t\t\t<\/div>\n\t\t\t\t\t\t<\/div>\n\t\t\t\t\t<\/div>\n\t\t<\/div>\n\t\t\t\t\t\t\t\t<\/div>\n\t\t\t\t\t<\/div>\n\t\t<\/section>\n\t\t\t\t<section class=\"elementor-section elementor-top-section elementor-element elementor-element-ac25e19 elementor-section-full_width elementor-section-height-default elementor-section-height-default\" data-id=\"ac25e19\" data-element_type=\"section\">\n\t\t\t\t\t\t<div class=\"elementor-container elementor-column-gap-default\">\n\t\t\t\t\t\t\t<div class=\"elementor-row\">\n\t\t\t\t\t<div class=\"elementor-column elementor-col-100 elementor-top-column elementor-element elementor-element-93061a4\" data-id=\"93061a4\" data-element_type=\"column\">\n\t\t\t<div class=\"elementor-column-wrap elementor-element-populated\">\n\t\t\t\t\t\t\t<div class=\"elementor-widget-wrap\">\n\t\t\t\t\t\t<div class=\"elementor-element elementor-element-b2d8b91 elementor-widget elementor-widget-heading\" data-id=\"b2d8b91\" data-element_type=\"widget\" data-widget_type=\"heading.default\">\n\t\t\t\t<div class=\"elementor-widget-container\">\n\t\t\t<h2 class=\"elementor-heading-title elementor-size-medium\">Dental Tomografi Nedir?<\/h2>\t\t<\/div>\n\t\t\t\t<\/div>\n\t\t\t\t<div class=\"elementor-element elementor-element-2716d00 elementor-widget elementor-widget-heading\" data-id=\"2716d00\" data-element_type=\"widget\" data-widget_type=\"heading.default\">\n\t\t\t\t<div class=\"elementor-widget-container\">\n\t\t\t<h2 class=\"elementor-heading-title elementor-size-small\">Dental tomografi X \u0131\u015f\u0131n\u0131 kullanmak suretiyle ilgi alan\u0131 d\u0131\u015f\u0131ndaki g\u00f6r\u00fcnt\u00fclerin odak d\u0131\u015f\u0131nda b\u0131rak\u0131larak istenilen b\u00f6lgedeki objelerin daha net bir \u015fekilde g\u00f6r\u00fclmesini sa\u011flayan, ince kesitlerden olu\u015fan ve hacim i\u00e7eren g\u00f6r\u00fcnt\u00fc elde etmeye yard\u0131mc\u0131 olan bir y\u00f6ntemdir. Klasik di\u015f r\u00f6ntgeni ile aras\u0131ndaki ana fark, bir volumetrik tomografinin bize 3D g\u00f6r\u00fcnt\u00fc verebilmesidir. Bu da uzunluk, geni\u015flik ve derinlik de dahil \u00fc\u00e7 boyutlu g\u00f6r\u00fcnt\u00fcleme ve t\u00fcm di\u015flerin, \u00e7ene kemi\u011finin ve hatta hava yolunun etraf\u0131n\u0131 g\u00f6rebilmemiz anlam\u0131na gelir!<br><br>Bu bak\u0131mdan dental tomografi, \u00e7e\u015fitli di\u015f hastal\u0131klar\u0131n\u0131n te\u015fhis edilmesi ve detayl\u0131 tedavi planlamas\u0131n\u0131n yap\u0131lmas\u0131 anlam\u0131nda hayati \u00f6nem arz eder.<br><br>Dental konik \u0131\u015f\u0131n bilgisayarl\u0131 tomografi (CBCT) teknolojisi, di\u015f hekimlerinin hastalar\u0131n\u0131 daha etkili bir \u015fekilde tedavi etmelerine olanak tan\u0131yarak di\u015f radyografik g\u00f6r\u00fcnt\u00fclemenin sonu\u00e7lar\u0131n\u0131 k\u00f6kten de\u011fi\u015ftirmi\u015ftir. Bu teknoloji, di\u015f hekimlerinin saf tan\u0131y\u0131 daha do\u011fru yapmalar\u0131n\u0131 sa\u011flad\u0131\u011f\u0131 gibi, hekimlerin tan\u0131 ile yetinmeyip daha ileri bir a\u015famaya ge\u00e7erek tedavi sim\u00fclasyonlar\u0131n\u0131 planlamas\u0131na izin vermi\u015ftir.\n<\/h2>\t\t<\/div>\n\t\t\t\t<\/div>\n\t\t\t\t\t\t<\/div>\n\t\t\t\t\t<\/div>\n\t\t<\/div>\n\t\t\t\t\t\t\t\t<\/div>\n\t\t\t\t\t<\/div>\n\t\t<\/section>\n\t\t\t\t<section class=\"elementor-section elementor-top-section elementor-element elementor-element-b6beb53 elementor-section-full_width elementor-section-height-default elementor-section-height-default\" data-id=\"b6beb53\" data-element_type=\"section\">\n\t\t\t\t\t\t<div class=\"elementor-container elementor-column-gap-default\">\n\t\t\t\t\t\t\t<div class=\"elementor-row\">\n\t\t\t\t\t<div class=\"elementor-column elementor-col-100 elementor-top-column elementor-element elementor-element-aa56e82\" data-id=\"aa56e82\" data-element_type=\"column\">\n\t\t\t<div class=\"elementor-column-wrap elementor-element-populated\">\n\t\t\t\t\t\t\t<div class=\"elementor-widget-wrap\">\n\t\t\t\t\t\t<div class=\"elementor-element elementor-element-d5192f9 elementor-widget elementor-widget-heading\" data-id=\"d5192f9\" data-element_type=\"widget\" data-widget_type=\"heading.default\">\n\t\t\t\t<div class=\"elementor-widget-container\">\n\t\t\t<h2 class=\"elementor-heading-title elementor-size-medium\">Dental Tomografi Kimler \u0130\u00e7in Kullan\u0131l\u0131r?<\/h2>\t\t<\/div>\n\t\t\t\t<\/div>\n\t\t\t\t\t\t<\/div>\n\t\t\t\t\t<\/div>\n\t\t<\/div>\n\t\t\t\t\t\t\t\t<\/div>\n\t\t\t\t\t<\/div>\n\t\t<\/section>\n\t\t\t\t<section class=\"elementor-section elementor-top-section elementor-element elementor-element-875e222 elementor-section-full_width elementor-section-height-default elementor-section-height-default\" data-id=\"875e222\" data-element_type=\"section\">\n\t\t\t\t\t\t<div class=\"elementor-container elementor-column-gap-default\">\n\t\t\t\t\t\t\t<div class=\"elementor-row\">\n\t\t\t\t\t<div class=\"elementor-column elementor-col-100 elementor-top-column elementor-element elementor-element-ce15ba1\" data-id=\"ce15ba1\" data-element_type=\"column\">\n\t\t\t<div class=\"elementor-column-wrap elementor-element-populated\">\n\t\t\t\t\t\t\t<div class=\"elementor-widget-wrap\">\n\t\t\t\t\t\t<div class=\"elementor-element elementor-element-96bca34 elementor-icon-list--layout-traditional elementor-list-item-link-full_width elementor-widget elementor-widget-icon-list\" data-id=\"96bca34\" data-element_type=\"widget\" data-widget_type=\"icon-list.default\">\n\t\t\t\t<div class=\"elementor-widget-container\">\n\t\t\t\t\t<ul class=\"elementor-icon-list-items\">\n\t\t\t\t\t\t\t<li class=\"elementor-icon-list-item\">\n\t\t\t\t\t\t\t\t\t\t\t<span class=\"elementor-icon-list-icon\">\n\t\t\t\t\t\t\t<i aria-hidden=\"true\" class=\"fas fa-check\"><\/i>\t\t\t\t\t\t<\/span>\n\t\t\t\t\t\t\t\t\t\t<span class=\"elementor-icon-list-text\">\u00c7ene b\u00f6lgesinde dinmeyen a\u011fr\u0131s\u0131 olan, lezyon, travma, k\u0131r\u0131k \u015f\u00fcphesi olan hastalar<\/span>\n\t\t\t\t\t\t\t\t\t<\/li>\n\t\t\t\t\t\t\t\t<li class=\"elementor-icon-list-item\">\n\t\t\t\t\t\t\t\t\t\t\t<span class=\"elementor-icon-list-icon\">\n\t\t\t\t\t\t\t<i aria-hidden=\"true\" class=\"fas fa-check\"><\/i>\t\t\t\t\t\t<\/span>\n\t\t\t\t\t\t\t\t\t\t<span class=\"elementor-icon-list-text\">Kemik grefti ihtiyac\u0131 olan veya dental implant kullanan veya kullanacak olan hastalar<\/span>\n\t\t\t\t\t\t\t\t\t<\/li>\n\t\t\t\t\t\t\t\t<li class=\"elementor-icon-list-item\">\n\t\t\t\t\t\t\t\t\t\t\t<span class=\"elementor-icon-list-icon\">\n\t\t\t\t\t\t\t<i aria-hidden=\"true\" class=\"fas fa-check\"><\/i>\t\t\t\t\t\t<\/span>\n\t\t\t\t\t\t\t\t\t\t<span class=\"elementor-icon-list-text\">Kanal tedavisi gerektiren komplikasyonlara sahip olan hastalar<\/span>\n\t\t\t\t\t\t\t\t\t<\/li>\n\t\t\t\t\t\t\t\t<li class=\"elementor-icon-list-item\">\n\t\t\t\t\t\t\t\t\t\t\t<span class=\"elementor-icon-list-icon\">\n\t\t\t\t\t\t\t<i aria-hidden=\"true\" class=\"fas fa-check\"><\/i>\t\t\t\t\t\t<\/span>\n\t\t\t\t\t\t\t\t\t\t<span class=\"elementor-icon-list-text\">Operasyon gereken vakalar, cerrahi k\u0131lavuz istenen durumlar, protez planlamas\u0131 yap\u0131lacak olan hastalar<\/span>\n\t\t\t\t\t\t\t\t\t<\/li>\n\t\t\t\t\t\t\t\t<li class=\"elementor-icon-list-item\">\n\t\t\t\t\t\t\t\t\t\t\t<span class=\"elementor-icon-list-icon\">\n\t\t\t\t\t\t\t<i aria-hidden=\"true\" class=\"fas fa-check\"><\/i>\t\t\t\t\t\t<\/span>\n\t\t\t\t\t\t\t\t\t\t<span class=\"elementor-icon-list-text\">Sin\u00fcs t\u0131kan\u0131kl\u0131\u011f\u0131 olan, \u00e7ene eklemi eklem sorunu olan ki\u015filer<\/span>\n\t\t\t\t\t\t\t\t\t<\/li>\n\t\t\t\t\t\t\t\t<li class=\"elementor-icon-list-item\">\n\t\t\t\t\t\t\t\t\t\t\t<span class=\"elementor-icon-list-icon\">\n\t\t\t\t\t\t\t<i aria-hidden=\"true\" class=\"fas fa-check\"><\/i>\t\t\t\t\t\t<\/span>\n\t\t\t\t\t\t\t\t\t\t<span class=\"elementor-icon-list-text\">Uyku sorunu olan, horlayan veya uyku apnesi olan hastalar i\u00e7in dental tomografiye ba\u015f vurulur.<\/span>\n\t\t\t\t\t\t\t\t\t<\/li>\n\t\t\t\t\t\t<\/ul>\n\t\t\t\t<\/div>\n\t\t\t\t<\/div>\n\t\t\t\t\t\t<\/div>\n\t\t\t\t\t<\/div>\n\t\t<\/div>\n\t\t\t\t\t\t\t\t<\/div>\n\t\t\t\t\t<\/div>\n\t\t<\/section>\n\t\t\t\t<section class=\"elementor-section elementor-top-section elementor-element elementor-element-83cf695 elementor-section-full_width elementor-section-height-default elementor-section-height-default\" data-id=\"83cf695\" data-element_type=\"section\">\n\t\t\t\t\t\t<div class=\"elementor-container elementor-column-gap-default\">\n\t\t\t\t\t\t\t<div class=\"elementor-row\">\n\t\t\t\t\t<div class=\"elementor-column elementor-col-100 elementor-top-column elementor-element elementor-element-930254b\" data-id=\"930254b\" data-element_type=\"column\">\n\t\t\t<div class=\"elementor-column-wrap elementor-element-populated\">\n\t\t\t\t\t\t\t<div class=\"elementor-widget-wrap\">\n\t\t\t\t\t\t<div class=\"elementor-element elementor-element-6e00eef elementor-widget elementor-widget-heading\" data-id=\"6e00eef\" data-element_type=\"widget\" data-widget_type=\"heading.default\">\n\t\t\t\t<div class=\"elementor-widget-container\">\n\t\t\t<h2 class=\"elementor-heading-title elementor-size-medium\">Dental Tomografi Neden \u00d6nem Arz Eder?<\/h2>\t\t<\/div>\n\t\t\t\t<\/div>\n\t\t\t\t<div class=\"elementor-element elementor-element-be68c48 elementor-widget elementor-widget-heading\" data-id=\"be68c48\" data-element_type=\"widget\" data-widget_type=\"heading.default\">\n\t\t\t\t<div class=\"elementor-widget-container\">\n\t\t\t<h2 class=\"elementor-heading-title elementor-size-small\">\u00c7ene kemi\u011finin tam \u015feklini ve boyutlar\u0131n\u0131 \u00f6\u011frenmemize dolay\u0131s\u0131yla dental implant cerrahisinde daha kesin sonu\u00e7lar almam\u0131za yard\u0131mc\u0131 olur.<br><br>Enfeksiyonun tam olarak nerede oldu\u011funu g\u00f6rmemizi sa\u011flar; bir di\u015fin k\u0131r\u0131l\u0131p k\u0131r\u0131lmad\u0131\u011f\u0131na veya iyile\u015fmesine yard\u0131mc\u0131 olmak i\u00e7in neler yap\u0131labilece\u011fine dair net bilgi verebilir.<br><br>Uyku apnesi, kardiyovask\u00fcler hastal\u0131k ve diyabet dahil olmak \u00fczere \u00e7e\u015fitli t\u0131bbi rahats\u0131zl\u0131klarla ilgili net sonu\u00e7lara varmam\u0131za yard\u0131mc\u0131 olur.<br><br>Ciddi kemik kanserlerini, t\u00fcm\u00f6rleri ve kistleri i\u015faret eden anormal lezyonlar\u0131 te\u015fhis edebiliriz.\n<\/h2>\t\t<\/div>\n\t\t\t\t<\/div>\n\t\t\t\t\t\t<\/div>\n\t\t\t\t\t<\/div>\n\t\t<\/div>\n\t\t\t\t\t\t\t\t<\/div>\n\t\t\t\t\t<\/div>\n\t\t<\/section>\n\t\t\t\t<section class=\"elementor-section elementor-top-section elementor-element elementor-element-0c99a0c elementor-section-full_width elementor-section-height-default elementor-section-height-default\" data-id=\"0c99a0c\" data-element_type=\"section\">\n\t\t\t\t\t\t<div class=\"elementor-container elementor-column-gap-default\">\n\t\t\t\t\t\t\t<div class=\"elementor-row\">\n\t\t\t\t\t<div class=\"elementor-column elementor-col-100 elementor-top-column elementor-element elementor-element-ffa19fd\" data-id=\"ffa19fd\" data-element_type=\"column\">\n\t\t\t<div class=\"elementor-column-wrap elementor-element-populated\">\n\t\t\t\t\t\t\t<div class=\"elementor-widget-wrap\">\n\t\t\t\t\t\t<div class=\"elementor-element elementor-element-8ff9fcf elementor-widget elementor-widget-heading\" data-id=\"8ff9fcf\" data-element_type=\"widget\" data-widget_type=\"heading.default\">\n\t\t\t\t<div class=\"elementor-widget-container\">\n\t\t\t<h2 class=\"elementor-heading-title elementor-size-medium\">Dental Tomografinin Avantajlar\u0131 Nelerdir?<\/h2>\t\t<\/div>\n\t\t\t\t<\/div>\n\t\t\t\t<div class=\"elementor-element elementor-element-0d0b24f elementor-widget elementor-widget-heading\" data-id=\"0d0b24f\" data-element_type=\"widget\" data-widget_type=\"heading.default\">\n\t\t\t\t<div class=\"elementor-widget-container\">\n\t\t\t<h2 class=\"elementor-heading-title elementor-size-small\">Daha iyi g\u00f6r\u00fcnt\u00fc kalitesi ve daha y\u00fcksek do\u011fruluk: Konik \u0131\u015f\u0131n CT b\u00f6lgeleri belirli bir noktada olup di\u015f hekimlerinin tek bir di\u015fin k\u00f6k\u00fc kadar k\u00fc\u00e7\u00fck bir alan\u0131 incelemesine izin verir. \u00dc\u00e7 boyutlu bak\u0131\u015f imk\u00e2n\u0131, di\u015f hekiminin daha iyi te\u015fhis ve tam bir de\u011ferlendirme i\u00e7in hastan\u0131n a\u011fz\u0131nda neler olup bitti\u011fini farkl\u0131 a\u00e7\u0131lardan g\u00f6rebilece\u011fi anlam\u0131na gelir.<br><br>Kemik ve yumu\u015fak dokular\u0131n net g\u00f6r\u00fcnt\u00fcs\u00fc: Geleneksel di\u015f r\u00f6ntgenlerinden farkl\u0131 olarak, konik \u0131\u015f\u0131n CT taramas\u0131 hem kemikleri hem de yumu\u015fak dokular\u0131 kolayca tarayabilir. Bu tarama, di\u015f hekiminin daha hassas bir tedavi plan\u0131 olu\u015fturmas\u0131na olanak tan\u0131yarak, geleneksel bir di\u015f r\u00f6ntgeninden daha fazla bilgi sa\u011flar.<br><br>D\u00fc\u015f\u00fck radyasyon dozu: Tomografi d\u00fc\u015f\u00fck radyasyon dozu kullan\u0131r. Taramadan sonra hastan\u0131n v\u00fccudunda radyasyon kalmaz.<br><br>\nH\u0131zl\u0131 ve a\u011fr\u0131s\u0131z \u00e7\u00f6z\u00fcm sa\u011flar: Tam a\u011f\u0131z taramas\u0131 genellikle 10 ila 40 saniye s\u00fcrer. Bir di\u015f hekimi tek bir taramada y\u00fczlerce g\u00f6r\u00fcnt\u00fc olu\u015fturabilir ve hastan\u0131n a\u011fz\u0131n\u0131n ve di\u015flerinin kapsaml\u0131 bir g\u00f6r\u00fcn\u00fcm\u00fcn\u00fc elde edebilir. Dental tomografi a\u011fr\u0131s\u0131z bir \u00e7\u00f6z\u00fcm sunar.\n<\/h2>\t\t<\/div>\n\t\t\t\t<\/div>\n\t\t\t\t\t\t<\/div>\n\t\t\t\t\t<\/div>\n\t\t<\/div>\n\t\t\t\t\t\t\t\t<\/div>\n\t\t\t\t\t<\/div>\n\t\t<\/section>\n\t\t\t\t\t\t<\/div>\n\t\t\t\t\t\t<\/div>\n\t\t\t\t\t<\/div>\n\t\t","protected":false},"excerpt":{"rendered":"<p>Oral Diagnoz ve Radyoloji Oral diagnoz, di\u015f hekimli\u011finde a\u011f\u0131z hastal\u0131klar\u0131n\u0131n ve a\u011f\u0131zda belirti veren sistemik hastal\u0131klar\u0131n te\u015fhisi ve tedavi planlamas\u0131n\u0131<\/p>\n","protected":false},"author":1,"featured_media":0,"parent":0,"menu_order":0,"comment_status":"closed","ping_status":"closed","template":"","meta":{"_joinchat":[],"footnotes":""},"class_list":["post-275","page","type-page","status-publish","hentry"],"_links":{"self":[{"href":"https:\/\/gazisehirdis.com\/index.php\/wp-json\/wp\/v2\/pages\/275","targetHints":{"allow":["GET"]}}],"collection":[{"href":"https:\/\/gazisehirdis.com\/index.php\/wp-json\/wp\/v2\/pages"}],"about":[{"href":"https:\/\/gazisehirdis.com\/index.php\/wp-json\/wp\/v2\/types\/page"}],"author":[{"embeddable":true,"href":"https:\/\/gazisehirdis.com\/index.php\/wp-json\/wp\/v2\/users\/1"}],"replies":[{"embeddable":true,"href":"https:\/\/gazisehirdis.com\/index.php\/wp-json\/wp\/v2\/comments?post=275"}],"version-history":[{"count":10,"href":"https:\/\/gazisehirdis.com\/index.php\/wp-json\/wp\/v2\/pages\/275\/revisions"}],"predecessor-version":[{"id":364,"href":"https:\/\/gazisehirdis.com\/index.php\/wp-json\/wp\/v2\/pages\/275\/revisions\/364"}],"wp:attachment":[{"href":"https:\/\/gazisehirdis.com\/index.php\/wp-json\/wp\/v2\/media?parent=275"}],"curies":[{"name":"wp","href":"https:\/\/api.w.org\/{rel}","templated":true}]}}