{"id":289,"date":"2021-05-03T01:15:33","date_gmt":"2021-05-02T22:15:33","guid":{"rendered":"http:\/\/gazisehirdis.com\/?page_id=289"},"modified":"2021-05-08T23:32:28","modified_gmt":"2021-05-08T20:32:28","slug":"kanal-tedavisi-2-3-3-2-4","status":"publish","type":"page","link":"https:\/\/gazisehirdis.com\/index.php\/kanal-tedavisi-2-3-3-2-4\/","title":{"rendered":"Di\u015f Beyazlatma"},"content":{"rendered":"\t\t<div data-elementor-type=\"wp-page\" data-elementor-id=\"289\" class=\"elementor elementor-289\" data-elementor-settings=\"[]\">\n\t\t\t\t\t\t<div class=\"elementor-inner\">\n\t\t\t\t\t\t\t<div class=\"elementor-section-wrap\">\n\t\t\t\t\t\t\t<section class=\"elementor-section elementor-top-section elementor-element elementor-element-0c374b2 elementor-section-full_width elementor-section-height-default elementor-section-height-default\" data-id=\"0c374b2\" data-element_type=\"section\">\n\t\t\t\t\t\t<div class=\"elementor-container elementor-column-gap-default\">\n\t\t\t\t\t\t\t<div class=\"elementor-row\">\n\t\t\t\t\t<div class=\"elementor-column elementor-col-100 elementor-top-column elementor-element elementor-element-a652b45\" data-id=\"a652b45\" data-element_type=\"column\">\n\t\t\t<div class=\"elementor-column-wrap elementor-element-populated\">\n\t\t\t\t\t\t\t<div class=\"elementor-widget-wrap\">\n\t\t\t\t\t\t<div class=\"elementor-element elementor-element-27833b1 elementor-widget elementor-widget-heading\" data-id=\"27833b1\" data-element_type=\"widget\" data-widget_type=\"heading.default\">\n\t\t\t\t<div class=\"elementor-widget-container\">\n\t\t\t<h1 class=\"elementor-heading-title elementor-size-medium\">Ofis Tipi Beyazlatma (Ofis Bleaching)<\/h1>\t\t<\/div>\n\t\t\t\t<\/div>\n\t\t\t\t<div class=\"elementor-element elementor-element-5ad979b elementor-widget elementor-widget-heading\" data-id=\"5ad979b\" data-element_type=\"widget\" data-widget_type=\"heading.default\">\n\t\t\t\t<div class=\"elementor-widget-container\">\n\t\t\t<h2 class=\"elementor-heading-title elementor-size-small\">Ofis tipi beyazlatma t\u00fcm beyazlatma sistemleri i\u00e7erisinde en etkili y\u00f6ntemdir. Muayenede ger\u00e7ekle\u015ftirilen beyazlatma i\u015fleminde kullan\u0131lan beyazlat\u0131c\u0131 ajanlar\u0131n peroksit oranlar\u0131 daha y\u00fcksek oldu\u011fundan beyazlatma daha h\u0131zl\u0131 olur ve kal\u0131c\u0131l\u0131\u011f\u0131 daha uzundur.<br><br>Di\u015f beyazlatma i\u015flemi uygulanmadan \u00f6nce; daha etkili bir sonu\u00e7 almak i\u00e7in, hastaya beyazlatma \u00f6ncesi di\u015f ta\u015f\u0131 temizli\u011fi yap\u0131lmas\u0131 gerekmektedir. Seanslar \u00f6ncesi ve sonras\u0131 hastadan foto\u011fraf al\u0131narak, renk tespiti yap\u0131lmaktad\u0131r. Uygulanacak seans say\u0131s\u0131 genellikle 2 veya 3 olup di\u015fte ki renklenmeye g\u00f6re de\u011fi\u015fmektedir. \u0130\u015flem \u00f6ncesi di\u015f etlerinin \u00fczeri zarar g\u00f6rmesini istemedi\u011fimiz i\u00e7in koruyucu bir bariyer ile kapat\u0131l\u0131r ve sonras\u0131nda beyazlatma jeli di\u015flere uygulan\u0131r. Yakla\u015f\u0131k olarak 15 dakikal\u0131k periyotlarla 2 veya 3 periyod olarak di\u015flere beyazlatma jeli uygulan\u0131r.<br><br>Seanslar aras\u0131nda hastan\u0131n renklendirici g\u0131dalardan (\u00e7ay, kahve, \u015farap vb.) uzak durmas\u0131 ve sigara kullan\u0131m\u0131n\u0131 en aza indirmesi istenmektedir. Beyazlatma seanslar\u0131 aras\u0131nda hassasiyetler g\u00f6r\u00fclebilmektedir fakat; kullan\u0131lacak olan hassasiyet giderici di\u015f macunlar\u0131 ile bu hassasiyetler ortadan kalkmaktad\u0131r.<\/h2>\t\t<\/div>\n\t\t\t\t<\/div>\n\t\t\t\t\t\t<\/div>\n\t\t\t\t\t<\/div>\n\t\t<\/div>\n\t\t\t\t\t\t\t\t<\/div>\n\t\t\t\t\t<\/div>\n\t\t<\/section>\n\t\t\t\t<section class=\"elementor-section elementor-top-section elementor-element elementor-element-4b05ed3 elementor-section-full_width elementor-section-height-default elementor-section-height-default\" data-id=\"4b05ed3\" data-element_type=\"section\">\n\t\t\t\t\t\t<div class=\"elementor-container elementor-column-gap-default\">\n\t\t\t\t\t\t\t<div class=\"elementor-row\">\n\t\t\t\t\t<div class=\"elementor-column elementor-col-100 elementor-top-column elementor-element elementor-element-e1fbb75\" data-id=\"e1fbb75\" data-element_type=\"column\">\n\t\t\t<div class=\"elementor-column-wrap elementor-element-populated\">\n\t\t\t\t\t\t\t<div class=\"elementor-widget-wrap\">\n\t\t\t\t\t\t<div class=\"elementor-element elementor-element-0dd5554 elementor-widget elementor-widget-heading\" data-id=\"0dd5554\" data-element_type=\"widget\" data-widget_type=\"heading.default\">\n\t\t\t\t<div class=\"elementor-widget-container\">\n\t\t\t<h1 class=\"elementor-heading-title elementor-size-medium\">Ev Tipi Beyazlatma (Home Bleaching)<\/h1>\t\t<\/div>\n\t\t\t\t<\/div>\n\t\t\t\t<div class=\"elementor-element elementor-element-9af520e elementor-widget elementor-widget-heading\" data-id=\"9af520e\" data-element_type=\"widget\" data-widget_type=\"heading.default\">\n\t\t\t\t<div class=\"elementor-widget-container\">\n\t\t\t<h2 class=\"elementor-heading-title elementor-size-small\">Ev tipi olarak adland\u0131rd\u0131\u011f\u0131m\u0131z beyazlatma sisteminde, yine renk saptan\u0131p hastadan tedavi \u00f6ncesi al\u0131nan \u00f6l\u00e7\u00fc sayesinde hastaya uygun \u015feffaf bir plak \u00fcretilir.<br><br>Evde tipi di\u015f beyazlatma i\u015fleminde daha d\u00fc\u015f\u00fck y\u00fczdeli \u201cKarbamid Peroksit\u201d i\u00e7eren beyazlatma ajanlar\u0131 kullan\u0131l\u0131r. Haz\u0131rlanan \u015feffaf plak ve beyazlat\u0131c\u0131 ajan i\u00e7eren t\u00fcpler hastaya verilerek di\u015flerine nas\u0131l uygulayaca\u011f\u0131 hekim taraf\u0131ndan anlat\u0131l\u0131r. Hasta, ilac\u0131 di\u015f hekiminin \u00f6nerileri do\u011frultusunda i\u015flemi g\u00fcnde 2 defadan 2 hafta veya sadece geceleri uyurken 1-2 hafta uygular.<br><br>Haftal\u0131k kontrollerle tedavinin nas\u0131l gitti\u011fi izlenerek gereken de\u011fi\u015fiklikler yap\u0131l\u0131r. Hastaya hangi y\u00f6ntemle beyazlatma uygulanaca\u011f\u0131na di\u015f hekimi ve hasta birlikte karar vermelidir<\/h2>\t\t<\/div>\n\t\t\t\t<\/div>\n\t\t\t\t\t\t<\/div>\n\t\t\t\t\t<\/div>\n\t\t<\/div>\n\t\t\t\t\t\t\t\t<\/div>\n\t\t\t\t\t<\/div>\n\t\t<\/section>\n\t\t\t\t<section class=\"elementor-section elementor-top-section elementor-element elementor-element-c57b084 elementor-section-full_width elementor-section-height-default elementor-section-height-default\" data-id=\"c57b084\" data-element_type=\"section\">\n\t\t\t\t\t\t<div class=\"elementor-container elementor-column-gap-default\">\n\t\t\t\t\t\t\t<div class=\"elementor-row\">\n\t\t\t\t\t<div class=\"elementor-column elementor-col-100 elementor-top-column elementor-element elementor-element-84c83e7\" data-id=\"84c83e7\" data-element_type=\"column\">\n\t\t\t<div class=\"elementor-column-wrap elementor-element-populated\">\n\t\t\t\t\t\t\t<div class=\"elementor-widget-wrap\">\n\t\t\t\t\t\t<div class=\"elementor-element elementor-element-6ad22fb elementor-widget elementor-widget-toggle\" data-id=\"6ad22fb\" data-element_type=\"widget\" data-widget_type=\"toggle.default\">\n\t\t\t\t<div class=\"elementor-widget-container\">\n\t\t\t\t\t<div class=\"elementor-toggle\" role=\"tablist\">\n\t\t\t\t\t\t\t<div class=\"elementor-toggle-item\">\n\t\t\t\t\t<div id=\"elementor-tab-title-1121\" class=\"elementor-tab-title\" data-tab=\"1\" role=\"tab\" aria-controls=\"elementor-tab-content-1121\" aria-expanded=\"false\">\n\t\t\t\t\t\t\t\t\t\t\t\t<span class=\"elementor-toggle-icon elementor-toggle-icon-left\" aria-hidden=\"true\">\n\t\t\t\t\t\t\t\t\t\t\t\t\t\t\t<span class=\"elementor-toggle-icon-closed\"><i class=\"fas fa-caret-right\"><\/i><\/span>\n\t\t\t\t\t\t\t\t<span class=\"elementor-toggle-icon-opened\"><i class=\"elementor-toggle-icon-opened fas fa-caret-up\"><\/i><\/span>\n\t\t\t\t\t\t\t\t\t\t\t\t\t<\/span>\n\t\t\t\t\t\t\t\t\t\t\t\t<a href=\"\" class=\"elementor-toggle-title\">Beyazlatma \u0130\u015fleminde Ba\u015far\u0131 Oran\u0131 Nedir?<\/a>\n\t\t\t\t\t<\/div>\n\n\t\t\t\t\t<div id=\"elementor-tab-content-1121\" class=\"elementor-tab-content elementor-clearfix\" data-tab=\"1\" role=\"tabpanel\" aria-labelledby=\"elementor-tab-title-1121\"><p>Yap\u0131lan ara\u015ft\u0131rmalar \u00f6zellikle \u00e7ay, kahve, sigara ve ya\u015fa ba\u011fl\u0131 renklenmelerde hastalarda tatmin oran\u0131n\u0131n olduk\u00e7a y\u00fcksek oldu\u011fu g\u00f6sterilmi\u015ftir. Ancak; ila\u00e7lara veya a\u015f\u0131r\u0131 floride ba\u011fl\u0131 \u201cflorozis\u201d olarak isimlendirilen renklenmelerde \u00e7ok iyi sonu\u00e7lar elde edilememektedir.<\/p><\/div>\n\t\t\t\t<\/div>\n\t\t\t\t\t\t\t<div class=\"elementor-toggle-item\">\n\t\t\t\t\t<div id=\"elementor-tab-title-1122\" class=\"elementor-tab-title\" data-tab=\"2\" role=\"tab\" aria-controls=\"elementor-tab-content-1122\" aria-expanded=\"false\">\n\t\t\t\t\t\t\t\t\t\t\t\t<span class=\"elementor-toggle-icon elementor-toggle-icon-left\" aria-hidden=\"true\">\n\t\t\t\t\t\t\t\t\t\t\t\t\t\t\t<span class=\"elementor-toggle-icon-closed\"><i class=\"fas fa-caret-right\"><\/i><\/span>\n\t\t\t\t\t\t\t\t<span class=\"elementor-toggle-icon-opened\"><i class=\"elementor-toggle-icon-opened fas fa-caret-up\"><\/i><\/span>\n\t\t\t\t\t\t\t\t\t\t\t\t\t<\/span>\n\t\t\t\t\t\t\t\t\t\t\t\t<a href=\"\" class=\"elementor-toggle-title\">Di\u015f Beyazl\u0131\u011f\u0131 Ne Kadar S\u00fcre Devam Eder?<\/a>\n\t\t\t\t\t<\/div>\n\n\t\t\t\t\t<div id=\"elementor-tab-content-1122\" class=\"elementor-tab-content elementor-clearfix\" data-tab=\"2\" role=\"tabpanel\" aria-labelledby=\"elementor-tab-title-1122\"><p>Ki\u015fiden ki\u015fiye de\u011fi\u015fen fakt\u00f6rlere ba\u011fl\u0131 olarak de\u011fi\u015fmekle birlikte, di\u015flerdeki beyazl\u0131k 3 ay ile 3-4 y\u0131l aras\u0131nda devam ediyor. \u00c7ay, kahve ve sigara kullan\u0131m\u0131 fazla olan bireylerde, kazan\u0131lm\u0131\u015f olan beyazl\u0131\u011f\u0131n \u00f6mr\u00fc daha k\u0131sa olmakla birlikte, di\u011fer bireylerde beyazl\u0131\u011f\u0131n \u00f6mr\u00fc \u00e7ok daha uzun olabiliyor. Di\u015flerin tekrar eski renklerine d\u00f6nmeden 6 ayda bir d\u00fczenli kontroller sa\u011flanarak gerekti\u011fi takdirde beyazlatma i\u015fleminin 6 ayda veya y\u0131lda bir tekrarlanmas\u0131, beyazl\u0131\u011f\u0131n daha uzun \u00f6m\u00fcrl\u00fc olmas\u0131n\u0131 sa\u011flamakta ve ikinci beyazlatman\u0131n s\u00fcresinin k\u0131salmas\u0131 ve ekonomik a\u00e7\u0131dan da avantajl\u0131 olmaktad\u0131r.<\/p><\/div>\n\t\t\t\t<\/div>\n\t\t\t\t\t\t\t\t<\/div>\n\t\t\t\t<\/div>\n\t\t\t\t<\/div>\n\t\t\t\t\t\t<\/div>\n\t\t\t\t\t<\/div>\n\t\t<\/div>\n\t\t\t\t\t\t\t\t<\/div>\n\t\t\t\t\t<\/div>\n\t\t<\/section>\n\t\t\t\t\t\t<\/div>\n\t\t\t\t\t\t<\/div>\n\t\t\t\t\t<\/div>\n\t\t","protected":false},"excerpt":{"rendered":"<p>Ofis Tipi Beyazlatma (Ofis Bleaching) Ofis tipi beyazlatma t\u00fcm beyazlatma sistemleri i\u00e7erisinde en etkili y\u00f6ntemdir. Muayenede ger\u00e7ekle\u015ftirilen beyazlatma i\u015fleminde kullan\u0131lan<\/p>\n","protected":false},"author":1,"featured_media":0,"parent":0,"menu_order":0,"comment_status":"closed","ping_status":"closed","template":"","meta":{"_joinchat":[],"footnotes":""},"class_list":["post-289","page","type-page","status-publish","hentry"],"_links":{"self":[{"href":"https:\/\/gazisehirdis.com\/index.php\/wp-json\/wp\/v2\/pages\/289","targetHints":{"allow":["GET"]}}],"collection":[{"href":"https:\/\/gazisehirdis.com\/index.php\/wp-json\/wp\/v2\/pages"}],"about":[{"href":"https:\/\/gazisehirdis.com\/index.php\/wp-json\/wp\/v2\/types\/page"}],"author":[{"embeddable":true,"href":"https:\/\/gazisehirdis.com\/index.php\/wp-json\/wp\/v2\/users\/1"}],"replies":[{"embeddable":true,"href":"https:\/\/gazisehirdis.com\/index.php\/wp-json\/wp\/v2\/comments?post=289"}],"version-history":[{"count":7,"href":"https:\/\/gazisehirdis.com\/index.php\/wp-json\/wp\/v2\/pages\/289\/revisions"}],"predecessor-version":[{"id":340,"href":"https:\/\/gazisehirdis.com\/index.php\/wp-json\/wp\/v2\/pages\/289\/revisions\/340"}],"wp:attachment":[{"href":"https:\/\/gazisehirdis.com\/index.php\/wp-json\/wp\/v2\/media?parent=289"}],"curies":[{"name":"wp","href":"https:\/\/api.w.org\/{rel}","templated":true}]}}